{"id":776,"date":"2025-04-05T06:34:14","date_gmt":"2025-04-05T04:34:14","guid":{"rendered":"https:\/\/nacherfix.com\/datenschutzbestimmungen\/"},"modified":"2025-05-19T01:19:27","modified_gmt":"2025-05-18T23:19:27","slug":"datenschutzbestimmungen","status":"publish","type":"page","link":"https:\/\/nacherfix.com\/de\/datenschutzbestimmungen\/","title":{"rendered":"Datenschutzbestimmungen"},"content":{"rendered":"\n<div class=\"wp-block-group alignwide is-layout-flow wp-block-group-is-layout-flow\" style=\"margin-top:var(--wp--preset--spacing--40);padding-top:var(--wp--preset--spacing--30);padding-right:var(--wp--preset--spacing--50);padding-bottom:var(--wp--preset--spacing--30);padding-left:var(--wp--preset--spacing--50)\">\n<h1 class=\"wp-block-heading\" style=\"font-style:normal;font-weight:700\">Datenschutzbestimmungen<\/h1>\n\n\n\n<p>Vielen Dank f\u00fcr Ihren Besuch auf <a href=\"http:\/\/www.nacherfix.com\/\">www.nacherfix.com<\/a> (im Folgenden &#8222;Website&#8220;), betrieben von NACHERFIX, S.L.U., mit Sitz in P.I. El Romeral, C\/ Agullent, 16 46860 Albaida (Valencia), Spanien (im Folgenden &#8222;wir&#8220; oder &#8222;unser Unternehmen&#8220;). Die Privatsph\u00e4re unserer Nutzer ist f\u00fcr uns von gr\u00f6\u00dfter Bedeutung und wir verpflichten uns, die pers\u00f6nlichen Daten, die Sie uns w\u00e4hrend Ihres Besuchs auf der Website zur Verf\u00fcgung stellen, zu sch\u00fctzen und zu sichern.<\/p>\n\n\n\n<p>In dieser Datenschutzrichtlinie wird erl\u00e4utert, wie wir die pers\u00f6nlichen Daten der Nutzer der Website erfassen, verwenden, offenlegen und sch\u00fctzen. Indem Sie auf unsere Website zugreifen und sie nutzen, erkl\u00e4ren Sie sich mit den in dieser Richtlinie beschriebenen Praktiken einverstanden.<\/p>\n\n\n\n<p><strong>Informationen, die wir sammeln<\/strong><\/p>\n\n\n\n<ol class=\"wp-block-list\">\n<li><strong>Vom Benutzer bereitgestellte Informationen:<\/strong> W\u00e4hrend Ihrer Interaktion mit der Website fragen wir Sie m\u00f6glicherweise nach bestimmten pers\u00f6nlichen Informationen, wie z. B. nach Ihrem Namen, Ihrer E-Mail-Adresse, Ihrer Lieferadresse, Ihrer Telefonnummer, Ihren Zahlungsinformationen und allen anderen Informationen, die f\u00fcr die Bearbeitung Ihrer Bestellungen oder die Beantwortung Ihrer Anfragen erforderlich sind.<\/li>\n\n\n\n<li><strong>Automatisch gesammelte Informationen:<\/strong> Wenn Sie unsere Website besuchen, k\u00f6nnen wir automatisch bestimmte Informationen \u00fcber Ihr Ger\u00e4t und Ihre Online-Aktivit\u00e4ten erfassen, wie z.B. Ihre IP-Adresse, den Browsertyp, Ihren ungef\u00e4hren geografischen Standort und die von Ihnen besuchten Seiten.<\/li>\n<\/ol>\n\n\n\n<p><strong>Verwendung von Informationen<\/strong><\/p>\n\n\n\n<ol class=\"wp-block-list\">\n<li><strong>Verwendung personenbezogener Daten:<\/strong> Die von uns erfassten Daten werden f\u00fcr die folgenden Zwecke verwendet:a) Bearbeitung und Ausf\u00fchrung Ihrer Bestellungen von Retainern und anderen Produkten.b) Beantwortung Ihrer Fragen und Anfragen.c) Zusendung von Mitteilungen \u00fcber den Status Ihrer Bestellungen oder \u00c4nderungen unserer Dienstleistungen.d) Verbesserung unserer Produkte und Dienstleistungen.e) Erf\u00fcllung unserer rechtlichen Verpflichtungen und Beilegung von Streitigkeiten.<\/li>\n\n\n\n<li><strong>Datensicherheit:<\/strong> Wir ergreifen angemessene Sicherheitsma\u00dfnahmen, um die von uns erfassten pers\u00f6nlichen Daten zu sch\u00fctzen. Aufgrund der Natur des Internets k\u00f6nnen wir jedoch nicht f\u00fcr die absolute Sicherheit Ihrer Daten garantieren.<\/li>\n<\/ol>\n\n\n\n<p><strong>Ihre Rechte<\/strong><\/p>\n\n\n\n<p>Sie haben das Recht, Ihre pers\u00f6nlichen Daten jederzeit einzusehen, zu korrigieren oder zu l\u00f6schen. Wenn Sie eines dieser Rechte aus\u00fcben m\u00f6chten, kontaktieren Sie uns bitte unter <a>info@nacherfix.com.<\/a><\/p>\n\n\n\n<p><strong>\u00c4nderungen an der Datenschutzrichtlinie<\/strong><\/p>\n\n\n\n<p>Wir behalten uns das Recht vor, diese Datenschutzrichtlinie jederzeit zu \u00e4ndern. Alle \u00c4nderungen werden auf dieser Seite ver\u00f6ffentlicht, und das Datum der Aktualisierung wird am Anfang des Dokuments angegeben.<\/p>\n\n\n\n<p>Wir empfehlen Ihnen, diese Datenschutzrichtlinie regelm\u00e4\u00dfig zu lesen, um sich dar\u00fcber zu informieren, wie wir die pers\u00f6nlichen Daten unserer Nutzer sch\u00fctzen.<\/p>\n\n\n\n<p>Vielen Dank, dass Sie N\u00e1cherFix Ihr Vertrauen schenken, wenn es um die Innenverpackung von Paketsendungen geht.<\/p>\n\n\n\n<p><strong>NACHERFIX, S.L.U.<\/strong><\/p>\n\n\n\n<p>El Romeral, C\/ Agullent, 16 46860 Albaida (Valencia), Spanien<\/p>\n\n\n\n<p><a>info@nacherfix.com<\/a><\/p>\n\n\n\n<p>+34 681 93 23 64<\/p>\n<\/div>\n","protected":false},"excerpt":{"rendered":"<p>Datenschutzbestimmungen Vielen Dank f\u00fcr Ihren Besuch auf www.nacherfix.com (im Folgenden &#8222;Website&#8220;), betrieben von NACHERFIX, S.L.U., mit Sitz in P.I. El Romeral, C\/ Agullent, 16 46860 Albaida (Valencia), Spanien (im Folgenden &#8222;wir&#8220; oder &#8222;unser Unternehmen&#8220;). Die Privatsph\u00e4re unserer Nutzer ist f\u00fcr uns von gr\u00f6\u00dfter Bedeutung und wir verpflichten uns, die pers\u00f6nlichen Daten, die Sie uns w\u00e4hrend [&hellip;]<\/p>\n","protected":false},"author":12,"featured_media":0,"parent":0,"menu_order":0,"comment_status":"closed","ping_status":"open","template":"page-no-title","meta":{"footnotes":""},"class_list":["post-776","page","type-page","status-publish","hentry"],"yoast_head":"<!-- This site is optimized with the Yoast SEO plugin v27.3 - https:\/\/yoast.com\/product\/yoast-seo-wordpress\/ -->\n<title>Datenschutzbestimmungen - N\u00e1cherFix<\/title>\n<meta name=\"robots\" content=\"index, follow, max-snippet:-1, max-image-preview:large, max-video-preview:-1\" \/>\n<link rel=\"canonical\" href=\"https:\/\/nacherfix.com\/politica-privacidad\/\" \/>\n<meta property=\"og:locale\" content=\"de_DE\" \/>\n<meta property=\"og:type\" content=\"article\" \/>\n<meta property=\"og:title\" content=\"Datenschutzbestimmungen - N\u00e1cherFix\" \/>\n<meta property=\"og:description\" content=\"Datenschutzbestimmungen Vielen Dank f\u00fcr Ihren Besuch auf www.nacherfix.com (im Folgenden &#8222;Website&#8220;), betrieben von NACHERFIX, S.L.U., mit Sitz in P.I. El Romeral, C\/ Agullent, 16 46860 Albaida (Valencia), Spanien (im Folgenden &#8222;wir&#8220; oder &#8222;unser Unternehmen&#8220;). Die Privatsph\u00e4re unserer Nutzer ist f\u00fcr uns von gr\u00f6\u00dfter Bedeutung und wir verpflichten uns, die pers\u00f6nlichen Daten, die Sie uns w\u00e4hrend [&hellip;]\" \/>\n<meta property=\"og:url\" content=\"https:\/\/nacherfix.com\/politica-privacidad\/\" \/>\n<meta property=\"og:site_name\" content=\"N\u00e1cherFix\" \/>\n<meta property=\"article:modified_time\" content=\"2025-05-18T23:19:27+00:00\" \/>\n<meta name=\"twitter:card\" content=\"summary_large_image\" \/>\n<meta name=\"twitter:label1\" content=\"Gesch\u00e4tzte Lesezeit\" \/>\n\t<meta name=\"twitter:data1\" content=\"2\u00a0Minuten\" \/>\n<script type=\"application\/ld+json\" class=\"yoast-schema-graph\">{\"@context\":\"https:\\\/\\\/schema.org\",\"@graph\":[{\"@type\":\"WebPage\",\"@id\":\"https:\\\/\\\/nacherfix.com\\\/politica-privacidad\\\/\",\"url\":\"https:\\\/\\\/nacherfix.com\\\/politica-privacidad\\\/\",\"name\":\"Datenschutzbestimmungen - N\u00e1cherFix\",\"isPartOf\":{\"@id\":\"https:\\\/\\\/nacherfix.com\\\/#website\"},\"datePublished\":\"2025-04-05T04:34:14+00:00\",\"dateModified\":\"2025-05-18T23:19:27+00:00\",\"breadcrumb\":{\"@id\":\"https:\\\/\\\/nacherfix.com\\\/politica-privacidad\\\/#breadcrumb\"},\"inLanguage\":\"de\",\"potentialAction\":[{\"@type\":\"ReadAction\",\"target\":[\"https:\\\/\\\/nacherfix.com\\\/politica-privacidad\\\/\"]}]},{\"@type\":\"BreadcrumbList\",\"@id\":\"https:\\\/\\\/nacherfix.com\\\/politica-privacidad\\\/#breadcrumb\",\"itemListElement\":[{\"@type\":\"ListItem\",\"position\":1,\"name\":\"Portada\",\"item\":\"https:\\\/\\\/nacherfix.com\\\/de\\\/\"},{\"@type\":\"ListItem\",\"position\":2,\"name\":\"Datenschutzbestimmungen\"}]},{\"@type\":\"WebSite\",\"@id\":\"https:\\\/\\\/nacherfix.com\\\/#website\",\"url\":\"https:\\\/\\\/nacherfix.com\\\/\",\"name\":\"N\u00e1cherFix\",\"description\":\"Tu nuevo sistema de fijaci\u00f3n para env\u00edos de productos, adem\u00e1s, 100% sostenible.\",\"publisher\":{\"@id\":\"https:\\\/\\\/nacherfix.com\\\/#organization\"},\"potentialAction\":[{\"@type\":\"SearchAction\",\"target\":{\"@type\":\"EntryPoint\",\"urlTemplate\":\"https:\\\/\\\/nacherfix.com\\\/?s={search_term_string}\"},\"query-input\":{\"@type\":\"PropertyValueSpecification\",\"valueRequired\":true,\"valueName\":\"search_term_string\"}}],\"inLanguage\":\"de\"},{\"@type\":\"Organization\",\"@id\":\"https:\\\/\\\/nacherfix.com\\\/#organization\",\"name\":\"N\u00e1cherFix\",\"url\":\"https:\\\/\\\/nacherfix.com\\\/\",\"logo\":{\"@type\":\"ImageObject\",\"inLanguage\":\"de\",\"@id\":\"https:\\\/\\\/nacherfix.com\\\/#\\\/schema\\\/logo\\\/image\\\/\",\"url\":\"https:\\\/\\\/nacherfix.com\\\/wp-content\\\/uploads\\\/2025\\\/05\\\/logo-nacherfix.svg\",\"contentUrl\":\"https:\\\/\\\/nacherfix.com\\\/wp-content\\\/uploads\\\/2025\\\/05\\\/logo-nacherfix.svg\",\"width\":1000,\"height\":163,\"caption\":\"N\u00e1cherFix\"},\"image\":{\"@id\":\"https:\\\/\\\/nacherfix.com\\\/#\\\/schema\\\/logo\\\/image\\\/\"}}]}<\/script>\n<!-- \/ Yoast SEO plugin. -->","yoast_head_json":{"title":"Datenschutzbestimmungen - N\u00e1cherFix","robots":{"index":"index","follow":"follow","max-snippet":"max-snippet:-1","max-image-preview":"max-image-preview:large","max-video-preview":"max-video-preview:-1"},"canonical":"https:\/\/nacherfix.com\/politica-privacidad\/","og_locale":"de_DE","og_type":"article","og_title":"Datenschutzbestimmungen - N\u00e1cherFix","og_description":"Datenschutzbestimmungen Vielen Dank f\u00fcr Ihren Besuch auf www.nacherfix.com (im Folgenden &#8222;Website&#8220;), betrieben von NACHERFIX, S.L.U., mit Sitz in P.I. El Romeral, C\/ Agullent, 16 46860 Albaida (Valencia), Spanien (im Folgenden &#8222;wir&#8220; oder &#8222;unser Unternehmen&#8220;). Die Privatsph\u00e4re unserer Nutzer ist f\u00fcr uns von gr\u00f6\u00dfter Bedeutung und wir verpflichten uns, die pers\u00f6nlichen Daten, die Sie uns w\u00e4hrend [&hellip;]","og_url":"https:\/\/nacherfix.com\/politica-privacidad\/","og_site_name":"N\u00e1cherFix","article_modified_time":"2025-05-18T23:19:27+00:00","twitter_card":"summary_large_image","twitter_misc":{"Gesch\u00e4tzte Lesezeit":"2\u00a0Minuten"},"schema":{"@context":"https:\/\/schema.org","@graph":[{"@type":"WebPage","@id":"https:\/\/nacherfix.com\/politica-privacidad\/","url":"https:\/\/nacherfix.com\/politica-privacidad\/","name":"Datenschutzbestimmungen - N\u00e1cherFix","isPartOf":{"@id":"https:\/\/nacherfix.com\/#website"},"datePublished":"2025-04-05T04:34:14+00:00","dateModified":"2025-05-18T23:19:27+00:00","breadcrumb":{"@id":"https:\/\/nacherfix.com\/politica-privacidad\/#breadcrumb"},"inLanguage":"de","potentialAction":[{"@type":"ReadAction","target":["https:\/\/nacherfix.com\/politica-privacidad\/"]}]},{"@type":"BreadcrumbList","@id":"https:\/\/nacherfix.com\/politica-privacidad\/#breadcrumb","itemListElement":[{"@type":"ListItem","position":1,"name":"Portada","item":"https:\/\/nacherfix.com\/de\/"},{"@type":"ListItem","position":2,"name":"Datenschutzbestimmungen"}]},{"@type":"WebSite","@id":"https:\/\/nacherfix.com\/#website","url":"https:\/\/nacherfix.com\/","name":"N\u00e1cherFix","description":"Tu nuevo sistema de fijaci\u00f3n para env\u00edos de productos, adem\u00e1s, 100% sostenible.","publisher":{"@id":"https:\/\/nacherfix.com\/#organization"},"potentialAction":[{"@type":"SearchAction","target":{"@type":"EntryPoint","urlTemplate":"https:\/\/nacherfix.com\/?s={search_term_string}"},"query-input":{"@type":"PropertyValueSpecification","valueRequired":true,"valueName":"search_term_string"}}],"inLanguage":"de"},{"@type":"Organization","@id":"https:\/\/nacherfix.com\/#organization","name":"N\u00e1cherFix","url":"https:\/\/nacherfix.com\/","logo":{"@type":"ImageObject","inLanguage":"de","@id":"https:\/\/nacherfix.com\/#\/schema\/logo\/image\/","url":"https:\/\/nacherfix.com\/wp-content\/uploads\/2025\/05\/logo-nacherfix.svg","contentUrl":"https:\/\/nacherfix.com\/wp-content\/uploads\/2025\/05\/logo-nacherfix.svg","width":1000,"height":163,"caption":"N\u00e1cherFix"},"image":{"@id":"https:\/\/nacherfix.com\/#\/schema\/logo\/image\/"}}]}},"_links":{"self":[{"href":"https:\/\/nacherfix.com\/de\/wp-json\/wp\/v2\/pages\/776","targetHints":{"allow":["GET"]}}],"collection":[{"href":"https:\/\/nacherfix.com\/de\/wp-json\/wp\/v2\/pages"}],"about":[{"href":"https:\/\/nacherfix.com\/de\/wp-json\/wp\/v2\/types\/page"}],"author":[{"embeddable":true,"href":"https:\/\/nacherfix.com\/de\/wp-json\/wp\/v2\/users\/12"}],"replies":[{"embeddable":true,"href":"https:\/\/nacherfix.com\/de\/wp-json\/wp\/v2\/comments?post=776"}],"version-history":[{"count":1,"href":"https:\/\/nacherfix.com\/de\/wp-json\/wp\/v2\/pages\/776\/revisions"}],"predecessor-version":[{"id":777,"href":"https:\/\/nacherfix.com\/de\/wp-json\/wp\/v2\/pages\/776\/revisions\/777"}],"wp:attachment":[{"href":"https:\/\/nacherfix.com\/de\/wp-json\/wp\/v2\/media?parent=776"}],"curies":[{"name":"wp","href":"https:\/\/api.w.org\/{rel}","templated":true}]}}