{"id":92,"date":"2025-04-24T15:52:01","date_gmt":"2025-04-24T13:52:01","guid":{"rendered":"https:\/\/nacherfix.com\/?post_type=product&#038;p=92"},"modified":"2025-06-22T07:05:23","modified_gmt":"2025-06-22T05:05:23","slug":"retenedor-nacherfix","status":"publish","type":"product","link":"https:\/\/nacherfix.com\/de\/producto\/retenedor-nacherfix\/","title":{"rendered":"N\u00e1cherFix Sistema de fijaci\u00f3n sostenible para env\u00edos"},"content":{"rendered":"<p class=\"\" data-start=\"387\" data-end=\"669\"><strong>Nacherfix es la soluci\u00f3n ideal para proteger tus productos durante el transport<\/strong>e sin necesidad de papel de relleno ni pl\u00e1sticos. Este innovador sistema de fijaci\u00f3n, fabricado en cart\u00f3n, mantiene el contenido inmovilizado dentro de la caja, reduciendo movimientos y da\u00f1os.<\/p>\n<p class=\"\" data-start=\"671\" data-end=\"694\">Con Nacherfix podr\u00e1s:<\/p>\n<ul data-start=\"695\" data-end=\"907\">\n<li class=\"\" data-start=\"695\" data-end=\"743\">\n<p class=\"\" data-start=\"697\" data-end=\"743\">Ahorrar hasta un <strong data-start=\"714\" data-end=\"741\">90% de papel de relleno<\/strong><\/p>\n<\/li>\n<li class=\"\" data-start=\"744\" data-end=\"793\">\n<p class=\"\" data-start=\"746\" data-end=\"793\">Optimizar el tiempo de preparaci\u00f3n de pedidos<\/p>\n<\/li>\n<li class=\"\" data-start=\"794\" data-end=\"828\">\n<p class=\"\" data-start=\"796\" data-end=\"828\">Reducir el volumen de residuos<\/p>\n<\/li>\n<li class=\"\" data-start=\"829\" data-end=\"907\">\n<p class=\"\" data-start=\"831\" data-end=\"907\">Mejorar la imagen de tu marca gracias a un embalaje m\u00e1s limpio y ecol\u00f3gico<\/p>\n<\/li>\n<\/ul>\n<p class=\"\" data-start=\"909\" data-end=\"1088\">\u2705 Fabricado en cart\u00f3n reciclable<br data-start=\"941\" data-end=\"944\" \/>\u2705 Compatible con la mayor\u00eda de cajas est\u00e1ndar<br data-start=\"989\" data-end=\"992\" \/>\u2705 Ligero, econ\u00f3mico y f\u00e1cil de usar<br data-start=\"1027\" data-end=\"1030\" \/>\u2705 Ideal para ecommerce, log\u00edstica y packaging industrial<\/p>\n<p class=\"\" data-start=\"1090\" data-end=\"1175\"><strong>S\u00famate al cambio: mejora tu embalaje, ahorra costes y cuida el planeta con Nacherfix.<\/strong><\/p>\n","protected":false},"excerpt":{"rendered":"<p><strong data-start=\"115\" data-end=\"179\">Nacherfix es la alternativa inteligente a materiales poco sostenibles de protecci\u00f3n, como el papel de relleno o pl\u00e1sticos<\/strong><\/p>\n","protected":false},"featured_media":928,"comment_status":"open","ping_status":"closed","template":"","meta":[],"product_brand":[],"product_cat":[15],"product_tag":[],"class_list":{"0":"post-92","1":"product","2":"type-product","3":"status-publish","4":"has-post-thumbnail","6":"product_cat-fijadores-nacherfix","8":"first","9":"instock","10":"taxable","11":"shipping-taxable","12":"purchasable","13":"product-type-variable","14":"has-default-attributes"},"yoast_head":"<!-- This site is optimized with the Yoast SEO plugin v27.3 - https:\/\/yoast.com\/product\/yoast-seo-wordpress\/ -->\n<title>N\u00e1cherFix Sistema de fijaci\u00f3n sostenible para env\u00edos - N\u00e1cherFix<\/title>\n<meta name=\"robots\" content=\"index, follow, max-snippet:-1, max-image-preview:large, max-video-preview:-1\" \/>\n<link rel=\"canonical\" href=\"https:\/\/nacherfix.com\/producto\/retenedor-nacherfix\/\" \/>\n<meta property=\"og:locale\" content=\"de_DE\" \/>\n<meta property=\"og:type\" content=\"article\" \/>\n<meta property=\"og:title\" content=\"N\u00e1cherFix Sistema de fijaci\u00f3n sostenible para env\u00edos - N\u00e1cherFix\" \/>\n<meta property=\"og:description\" content=\"Nacherfix es la alternativa inteligente a materiales poco sostenibles de protecci\u00f3n, como el papel de relleno o pl\u00e1sticos\" \/>\n<meta property=\"og:url\" content=\"https:\/\/nacherfix.com\/producto\/retenedor-nacherfix\/\" \/>\n<meta property=\"og:site_name\" content=\"N\u00e1cherFix\" \/>\n<meta property=\"article:modified_time\" content=\"2025-06-22T05:05:23+00:00\" \/>\n<meta property=\"og:image\" content=\"https:\/\/nacherfix.com\/wp-content\/uploads\/2025\/04\/DSC_0662_opt.jpg\" \/>\n\t<meta property=\"og:image:width\" content=\"2048\" \/>\n\t<meta property=\"og:image:height\" content=\"1149\" \/>\n\t<meta property=\"og:image:type\" content=\"image\/jpeg\" \/>\n<meta name=\"twitter:card\" content=\"summary_large_image\" \/>\n<meta name=\"twitter:label1\" content=\"Gesch\u00e4tzte Lesezeit\" \/>\n\t<meta name=\"twitter:data1\" content=\"1\u00a0Minute\" \/>\n<script type=\"application\/ld+json\" class=\"yoast-schema-graph\">{\"@context\":\"https:\\\/\\\/schema.org\",\"@graph\":[{\"@type\":\"WebPage\",\"@id\":\"https:\\\/\\\/nacherfix.com\\\/producto\\\/retenedor-nacherfix\\\/\",\"url\":\"https:\\\/\\\/nacherfix.com\\\/producto\\\/retenedor-nacherfix\\\/\",\"name\":\"N\u00e1cherFix Sistema de fijaci\u00f3n sostenible para env\u00edos - N\u00e1cherFix\",\"isPartOf\":{\"@id\":\"https:\\\/\\\/nacherfix.com\\\/#website\"},\"primaryImageOfPage\":{\"@id\":\"https:\\\/\\\/nacherfix.com\\\/producto\\\/retenedor-nacherfix\\\/#primaryimage\"},\"image\":{\"@id\":\"https:\\\/\\\/nacherfix.com\\\/producto\\\/retenedor-nacherfix\\\/#primaryimage\"},\"thumbnailUrl\":\"https:\\\/\\\/nacherfix.com\\\/wp-content\\\/uploads\\\/2025\\\/04\\\/DSC_0662_opt.jpg\",\"datePublished\":\"2025-04-24T13:52:01+00:00\",\"dateModified\":\"2025-06-22T05:05:23+00:00\",\"breadcrumb\":{\"@id\":\"https:\\\/\\\/nacherfix.com\\\/producto\\\/retenedor-nacherfix\\\/#breadcrumb\"},\"inLanguage\":\"de\",\"potentialAction\":[{\"@type\":\"ReadAction\",\"target\":[\"https:\\\/\\\/nacherfix.com\\\/producto\\\/retenedor-nacherfix\\\/\"]}]},{\"@type\":\"ImageObject\",\"inLanguage\":\"de\",\"@id\":\"https:\\\/\\\/nacherfix.com\\\/producto\\\/retenedor-nacherfix\\\/#primaryimage\",\"url\":\"https:\\\/\\\/nacherfix.com\\\/wp-content\\\/uploads\\\/2025\\\/04\\\/DSC_0662_opt.jpg\",\"contentUrl\":\"https:\\\/\\\/nacherfix.com\\\/wp-content\\\/uploads\\\/2025\\\/04\\\/DSC_0662_opt.jpg\",\"width\":2048,\"height\":1149},{\"@type\":\"BreadcrumbList\",\"@id\":\"https:\\\/\\\/nacherfix.com\\\/producto\\\/retenedor-nacherfix\\\/#breadcrumb\",\"itemListElement\":[{\"@type\":\"ListItem\",\"position\":1,\"name\":\"Portada\",\"item\":\"https:\\\/\\\/nacherfix.com\\\/de\\\/\"},{\"@type\":\"ListItem\",\"position\":2,\"name\":\"Shop\",\"item\":\"https:\\\/\\\/nacherfix.com\\\/tienda\\\/\"},{\"@type\":\"ListItem\",\"position\":3,\"name\":\"N\u00e1cherFix Sistema de fijaci\u00f3n sostenible para env\u00edos\"}]},{\"@type\":\"WebSite\",\"@id\":\"https:\\\/\\\/nacherfix.com\\\/#website\",\"url\":\"https:\\\/\\\/nacherfix.com\\\/\",\"name\":\"N\u00e1cherFix\",\"description\":\"Tu nuevo sistema de fijaci\u00f3n para env\u00edos de productos, adem\u00e1s, 100% sostenible.\",\"publisher\":{\"@id\":\"https:\\\/\\\/nacherfix.com\\\/#organization\"},\"potentialAction\":[{\"@type\":\"SearchAction\",\"target\":{\"@type\":\"EntryPoint\",\"urlTemplate\":\"https:\\\/\\\/nacherfix.com\\\/?s={search_term_string}\"},\"query-input\":{\"@type\":\"PropertyValueSpecification\",\"valueRequired\":true,\"valueName\":\"search_term_string\"}}],\"inLanguage\":\"de\"},{\"@type\":\"Organization\",\"@id\":\"https:\\\/\\\/nacherfix.com\\\/#organization\",\"name\":\"N\u00e1cherFix\",\"url\":\"https:\\\/\\\/nacherfix.com\\\/\",\"logo\":{\"@type\":\"ImageObject\",\"inLanguage\":\"de\",\"@id\":\"https:\\\/\\\/nacherfix.com\\\/#\\\/schema\\\/logo\\\/image\\\/\",\"url\":\"https:\\\/\\\/nacherfix.com\\\/wp-content\\\/uploads\\\/2025\\\/05\\\/logo-nacherfix.svg\",\"contentUrl\":\"https:\\\/\\\/nacherfix.com\\\/wp-content\\\/uploads\\\/2025\\\/05\\\/logo-nacherfix.svg\",\"width\":1000,\"height\":163,\"caption\":\"N\u00e1cherFix\"},\"image\":{\"@id\":\"https:\\\/\\\/nacherfix.com\\\/#\\\/schema\\\/logo\\\/image\\\/\"}}]}<\/script>\n<!-- \/ Yoast SEO plugin. -->","yoast_head_json":{"title":"N\u00e1cherFix Sistema de fijaci\u00f3n sostenible para env\u00edos - N\u00e1cherFix","robots":{"index":"index","follow":"follow","max-snippet":"max-snippet:-1","max-image-preview":"max-image-preview:large","max-video-preview":"max-video-preview:-1"},"canonical":"https:\/\/nacherfix.com\/producto\/retenedor-nacherfix\/","og_locale":"de_DE","og_type":"article","og_title":"N\u00e1cherFix Sistema de fijaci\u00f3n sostenible para env\u00edos - N\u00e1cherFix","og_description":"Nacherfix es la alternativa inteligente a materiales poco sostenibles de protecci\u00f3n, como el papel de relleno o pl\u00e1sticos","og_url":"https:\/\/nacherfix.com\/producto\/retenedor-nacherfix\/","og_site_name":"N\u00e1cherFix","article_modified_time":"2025-06-22T05:05:23+00:00","og_image":[{"width":2048,"height":1149,"url":"https:\/\/nacherfix.com\/wp-content\/uploads\/2025\/04\/DSC_0662_opt.jpg","type":"image\/jpeg"}],"twitter_card":"summary_large_image","twitter_misc":{"Gesch\u00e4tzte Lesezeit":"1\u00a0Minute"},"schema":{"@context":"https:\/\/schema.org","@graph":[{"@type":"WebPage","@id":"https:\/\/nacherfix.com\/producto\/retenedor-nacherfix\/","url":"https:\/\/nacherfix.com\/producto\/retenedor-nacherfix\/","name":"N\u00e1cherFix Sistema de fijaci\u00f3n sostenible para env\u00edos - N\u00e1cherFix","isPartOf":{"@id":"https:\/\/nacherfix.com\/#website"},"primaryImageOfPage":{"@id":"https:\/\/nacherfix.com\/producto\/retenedor-nacherfix\/#primaryimage"},"image":{"@id":"https:\/\/nacherfix.com\/producto\/retenedor-nacherfix\/#primaryimage"},"thumbnailUrl":"https:\/\/nacherfix.com\/wp-content\/uploads\/2025\/04\/DSC_0662_opt.jpg","datePublished":"2025-04-24T13:52:01+00:00","dateModified":"2025-06-22T05:05:23+00:00","breadcrumb":{"@id":"https:\/\/nacherfix.com\/producto\/retenedor-nacherfix\/#breadcrumb"},"inLanguage":"de","potentialAction":[{"@type":"ReadAction","target":["https:\/\/nacherfix.com\/producto\/retenedor-nacherfix\/"]}]},{"@type":"ImageObject","inLanguage":"de","@id":"https:\/\/nacherfix.com\/producto\/retenedor-nacherfix\/#primaryimage","url":"https:\/\/nacherfix.com\/wp-content\/uploads\/2025\/04\/DSC_0662_opt.jpg","contentUrl":"https:\/\/nacherfix.com\/wp-content\/uploads\/2025\/04\/DSC_0662_opt.jpg","width":2048,"height":1149},{"@type":"BreadcrumbList","@id":"https:\/\/nacherfix.com\/producto\/retenedor-nacherfix\/#breadcrumb","itemListElement":[{"@type":"ListItem","position":1,"name":"Portada","item":"https:\/\/nacherfix.com\/de\/"},{"@type":"ListItem","position":2,"name":"Shop","item":"https:\/\/nacherfix.com\/tienda\/"},{"@type":"ListItem","position":3,"name":"N\u00e1cherFix Sistema de fijaci\u00f3n sostenible para env\u00edos"}]},{"@type":"WebSite","@id":"https:\/\/nacherfix.com\/#website","url":"https:\/\/nacherfix.com\/","name":"N\u00e1cherFix","description":"Tu nuevo sistema de fijaci\u00f3n para env\u00edos de productos, adem\u00e1s, 100% sostenible.","publisher":{"@id":"https:\/\/nacherfix.com\/#organization"},"potentialAction":[{"@type":"SearchAction","target":{"@type":"EntryPoint","urlTemplate":"https:\/\/nacherfix.com\/?s={search_term_string}"},"query-input":{"@type":"PropertyValueSpecification","valueRequired":true,"valueName":"search_term_string"}}],"inLanguage":"de"},{"@type":"Organization","@id":"https:\/\/nacherfix.com\/#organization","name":"N\u00e1cherFix","url":"https:\/\/nacherfix.com\/","logo":{"@type":"ImageObject","inLanguage":"de","@id":"https:\/\/nacherfix.com\/#\/schema\/logo\/image\/","url":"https:\/\/nacherfix.com\/wp-content\/uploads\/2025\/05\/logo-nacherfix.svg","contentUrl":"https:\/\/nacherfix.com\/wp-content\/uploads\/2025\/05\/logo-nacherfix.svg","width":1000,"height":163,"caption":"N\u00e1cherFix"},"image":{"@id":"https:\/\/nacherfix.com\/#\/schema\/logo\/image\/"}}]}},"_links":{"self":[{"href":"https:\/\/nacherfix.com\/de\/wp-json\/wp\/v2\/product\/92","targetHints":{"allow":["GET"]}}],"collection":[{"href":"https:\/\/nacherfix.com\/de\/wp-json\/wp\/v2\/product"}],"about":[{"href":"https:\/\/nacherfix.com\/de\/wp-json\/wp\/v2\/types\/product"}],"replies":[{"embeddable":true,"href":"https:\/\/nacherfix.com\/de\/wp-json\/wp\/v2\/comments?post=92"}],"wp:featuredmedia":[{"embeddable":true,"href":"https:\/\/nacherfix.com\/de\/wp-json\/wp\/v2\/media\/928"}],"wp:attachment":[{"href":"https:\/\/nacherfix.com\/de\/wp-json\/wp\/v2\/media?parent=92"}],"wp:term":[{"taxonomy":"product_brand","embeddable":true,"href":"https:\/\/nacherfix.com\/de\/wp-json\/wp\/v2\/product_brand?post=92"},{"taxonomy":"product_cat","embeddable":true,"href":"https:\/\/nacherfix.com\/de\/wp-json\/wp\/v2\/product_cat?post=92"},{"taxonomy":"product_tag","embeddable":true,"href":"https:\/\/nacherfix.com\/de\/wp-json\/wp\/v2\/product_tag?post=92"}],"curies":[{"name":"wp","href":"https:\/\/api.w.org\/{rel}","templated":true}]}}