{"id":967,"date":"2025-04-05T06:34:14","date_gmt":"2025-04-05T04:34:14","guid":{"rendered":"https:\/\/nacherfix.com\/politique-de-confidentialite\/"},"modified":"2025-05-22T17:18:03","modified_gmt":"2025-05-22T15:18:03","slug":"politique-de-confidentialite","status":"publish","type":"page","link":"https:\/\/nacherfix.com\/fr\/politique-de-confidentialite\/","title":{"rendered":"Politique de confidentialit\u00e9"},"content":{"rendered":"\n<div class=\"wp-block-group alignwide is-layout-flow wp-block-group-is-layout-flow\" style=\"margin-top:var(--wp--preset--spacing--40);padding-top:var(--wp--preset--spacing--30);padding-right:var(--wp--preset--spacing--50);padding-bottom:var(--wp--preset--spacing--30);padding-left:var(--wp--preset--spacing--50)\">\n<h1 class=\"wp-block-heading\" style=\"font-style:normal;font-weight:700\">Politique de confidentialit\u00e9<\/h1>\n\n\n\n<p>Nous vous remercions de votre visite sur le <a href=\"http:\/\/www.nacherfix.com\/\">site www.nacherfix.com<\/a> (ci-apr\u00e8s, le \u00ab site Web \u00bb), exploit\u00e9 par NACHERFIX, S.L.U., dont le si\u00e8ge social est situ\u00e9 \u00e0 P.I. El Romeral, C\/ Agullent, 16 46860 Albaida (Valencia), Espagne (ci-apr\u00e8s, \u00ab nous \u00bb ou \u00ab notre soci\u00e9t\u00e9 \u00bb). La vie priv\u00e9e de nos utilisateurs est d&rsquo;une importance capitale pour nous et nous nous engageons \u00e0 prot\u00e9ger et \u00e0 sauvegarder les informations personnelles que vous nous fournissez lors de votre visite sur le site web.<\/p>\n\n\n\n<p>La pr\u00e9sente politique de confidentialit\u00e9 explique comment nous recueillons, utilisons, divulguons et prot\u00e9geons les informations personnelles des utilisateurs du site web. En acc\u00e9dant \u00e0 notre site web et en l&rsquo;utilisant, vous acceptez les pratiques d\u00e9crites dans la pr\u00e9sente politique.<\/p>\n\n\n\n<p><strong>Informations que nous recueillons<\/strong><\/p>\n\n\n\n<ol class=\"wp-block-list\">\n<li><strong>Informations fournies par vous :<\/strong> Au cours de votre interaction avec le site web, nous pouvons vous demander certaines informations personnelles, telles que votre nom, votre adresse \u00e9lectronique, votre adresse de livraison, votre num\u00e9ro de t\u00e9l\u00e9phone, vos informations de paiement et toute autre information n\u00e9cessaire pour traiter vos commandes ou r\u00e9pondre \u00e0 vos demandes.<\/li>\n\n\n\n<li><strong>Informations collect\u00e9es automatiquement :<\/strong> Lorsque vous visitez notre site web, nous pouvons collecter automatiquement certaines informations sur votre appareil et votre activit\u00e9 en ligne, telles que votre adresse IP, votre type de navigateur, votre emplacement g\u00e9ographique approximatif et les pages que vous avez visit\u00e9es.<\/li>\n<\/ol>\n\n\n\n<p><strong>Utilisation de l&rsquo;information<\/strong><\/p>\n\n\n\n<ol class=\"wp-block-list\">\n<li><strong>Utilisation des informations personnelles :<\/strong> Les informations que nous recueillons seront utilis\u00e9es aux fins suivantes:a) pour traiter et ex\u00e9cuter vos commandes d&rsquo;acomptes et d&rsquo;autres produits.b) pour r\u00e9pondre \u00e0 vos questions et demandes.c) pour vous envoyer des communications concernant l&rsquo;\u00e9tat de vos commandes ou les changements apport\u00e9s \u00e0 nos services.d) pour am\u00e9liorer nos produits et services.e) pour nous conformer \u00e0 nos obligations l\u00e9gales et r\u00e9soudre les litiges.<\/li>\n\n\n\n<li><strong>S\u00e9curit\u00e9 des donn\u00e9es :<\/strong> nous mettons en \u0153uvre des mesures de s\u00e9curit\u00e9 raisonnables pour prot\u00e9ger les informations personnelles que nous recueillons. Cependant, en raison de la nature de l&rsquo;Internet, nous ne pouvons pas garantir la s\u00e9curit\u00e9 absolue de vos donn\u00e9es.<\/li>\n<\/ol>\n\n\n\n<p><strong>Vos droits<\/strong><\/p>\n\n\n\n<p>Vous avez le droit d&rsquo;acc\u00e9der \u00e0 vos informations personnelles, de les corriger ou de les supprimer \u00e0 tout moment. Si vous souhaitez exercer l&rsquo;un de ces droits, veuillez nous contacter \u00e0 l&rsquo;adresse suivante <a>: info@nacherfix.com<\/a>.<\/p>\n\n\n\n<p><strong>Modifications de la politique de confidentialit\u00e9<\/strong><\/p>\n\n\n\n<p>Nous nous r\u00e9servons le droit de modifier la pr\u00e9sente politique de confidentialit\u00e9 \u00e0 tout moment. Toute modification sera publi\u00e9e sur cette page et la date de mise \u00e0 jour sera r\u00e9vis\u00e9e en haut du document.<\/p>\n\n\n\n<p>Nous vous encourageons \u00e0 consulter r\u00e9guli\u00e8rement la pr\u00e9sente politique de confidentialit\u00e9 afin de vous tenir inform\u00e9 de la mani\u00e8re dont nous prot\u00e9geons les informations personnelles de nos utilisateurs.<\/p>\n\n\n\n<p>Nous vous remercions de faire confiance \u00e0 N\u00e1cherFix pour vos besoins en contenants pour l&#8217;emballage int\u00e9rieur des envois de colis.<\/p>\n\n\n\n<p><strong>NACHERFIX, S.L.U.<\/strong><\/p>\n\n\n\n<p>El Romeral, C\/ Agullent, 16 46860 Albaida (Valencia), Espagne<\/p>\n\n\n\n<p><a>info@nacherfix.com<\/a><\/p>\n\n\n\n<p>+34 681 93 23 64<\/p>\n<\/div>\n","protected":false},"excerpt":{"rendered":"<p>Politique de confidentialit\u00e9 Nous vous remercions de votre visite sur le site www.nacherfix.com (ci-apr\u00e8s, le \u00ab site Web \u00bb), exploit\u00e9 par NACHERFIX, S.L.U., dont le si\u00e8ge social est situ\u00e9 \u00e0 P.I. El Romeral, C\/ Agullent, 16 46860 Albaida (Valencia), Espagne (ci-apr\u00e8s, \u00ab nous \u00bb ou \u00ab notre soci\u00e9t\u00e9 \u00bb). La vie priv\u00e9e de nos utilisateurs [&hellip;]<\/p>\n","protected":false},"author":12,"featured_media":0,"parent":0,"menu_order":0,"comment_status":"closed","ping_status":"open","template":"page-no-title","meta":{"footnotes":""},"class_list":["post-967","page","type-page","status-publish","hentry"],"yoast_head":"<!-- This site is optimized with the Yoast SEO plugin v27.3 - https:\/\/yoast.com\/product\/yoast-seo-wordpress\/ -->\n<title>Politique de confidentialit\u00e9 - N\u00e1cherFix<\/title>\n<meta name=\"robots\" content=\"index, follow, max-snippet:-1, max-image-preview:large, max-video-preview:-1\" \/>\n<link rel=\"canonical\" href=\"https:\/\/nacherfix.com\/politica-privacidad\/\" \/>\n<meta property=\"og:locale\" content=\"fr_FR\" \/>\n<meta property=\"og:type\" content=\"article\" \/>\n<meta property=\"og:title\" content=\"Politique de confidentialit\u00e9 - N\u00e1cherFix\" \/>\n<meta property=\"og:description\" content=\"Politique de confidentialit\u00e9 Nous vous remercions de votre visite sur le site www.nacherfix.com (ci-apr\u00e8s, le \u00ab site Web \u00bb), exploit\u00e9 par NACHERFIX, S.L.U., dont le si\u00e8ge social est situ\u00e9 \u00e0 P.I. El Romeral, C\/ Agullent, 16 46860 Albaida (Valencia), Espagne (ci-apr\u00e8s, \u00ab nous \u00bb ou \u00ab notre soci\u00e9t\u00e9 \u00bb). La vie priv\u00e9e de nos utilisateurs [&hellip;]\" \/>\n<meta property=\"og:url\" content=\"https:\/\/nacherfix.com\/politica-privacidad\/\" \/>\n<meta property=\"og:site_name\" content=\"N\u00e1cherFix\" \/>\n<meta property=\"article:modified_time\" content=\"2025-05-22T15:18:03+00:00\" \/>\n<meta name=\"twitter:card\" content=\"summary_large_image\" \/>\n<meta name=\"twitter:label1\" content=\"Dur\u00e9e de lecture estim\u00e9e\" \/>\n\t<meta name=\"twitter:data1\" content=\"3 minutes\" \/>\n<script type=\"application\/ld+json\" class=\"yoast-schema-graph\">{\"@context\":\"https:\\\/\\\/schema.org\",\"@graph\":[{\"@type\":\"WebPage\",\"@id\":\"https:\\\/\\\/nacherfix.com\\\/politica-privacidad\\\/\",\"url\":\"https:\\\/\\\/nacherfix.com\\\/politica-privacidad\\\/\",\"name\":\"Politique de confidentialit\u00e9 - N\u00e1cherFix\",\"isPartOf\":{\"@id\":\"https:\\\/\\\/nacherfix.com\\\/#website\"},\"datePublished\":\"2025-04-05T04:34:14+00:00\",\"dateModified\":\"2025-05-22T15:18:03+00:00\",\"breadcrumb\":{\"@id\":\"https:\\\/\\\/nacherfix.com\\\/politica-privacidad\\\/#breadcrumb\"},\"inLanguage\":\"fr-FR\",\"potentialAction\":[{\"@type\":\"ReadAction\",\"target\":[\"https:\\\/\\\/nacherfix.com\\\/politica-privacidad\\\/\"]}]},{\"@type\":\"BreadcrumbList\",\"@id\":\"https:\\\/\\\/nacherfix.com\\\/politica-privacidad\\\/#breadcrumb\",\"itemListElement\":[{\"@type\":\"ListItem\",\"position\":1,\"name\":\"Portada\",\"item\":\"https:\\\/\\\/nacherfix.com\\\/fr\\\/\"},{\"@type\":\"ListItem\",\"position\":2,\"name\":\"Politique de confidentialit\u00e9\"}]},{\"@type\":\"WebSite\",\"@id\":\"https:\\\/\\\/nacherfix.com\\\/#website\",\"url\":\"https:\\\/\\\/nacherfix.com\\\/\",\"name\":\"N\u00e1cherFix\",\"description\":\"Tu nuevo sistema de fijaci\u00f3n para env\u00edos de productos, adem\u00e1s, 100% sostenible.\",\"publisher\":{\"@id\":\"https:\\\/\\\/nacherfix.com\\\/#organization\"},\"potentialAction\":[{\"@type\":\"SearchAction\",\"target\":{\"@type\":\"EntryPoint\",\"urlTemplate\":\"https:\\\/\\\/nacherfix.com\\\/?s={search_term_string}\"},\"query-input\":{\"@type\":\"PropertyValueSpecification\",\"valueRequired\":true,\"valueName\":\"search_term_string\"}}],\"inLanguage\":\"fr-FR\"},{\"@type\":\"Organization\",\"@id\":\"https:\\\/\\\/nacherfix.com\\\/#organization\",\"name\":\"N\u00e1cherFix\",\"url\":\"https:\\\/\\\/nacherfix.com\\\/\",\"logo\":{\"@type\":\"ImageObject\",\"inLanguage\":\"fr-FR\",\"@id\":\"https:\\\/\\\/nacherfix.com\\\/#\\\/schema\\\/logo\\\/image\\\/\",\"url\":\"https:\\\/\\\/nacherfix.com\\\/wp-content\\\/uploads\\\/2025\\\/05\\\/logo-nacherfix.svg\",\"contentUrl\":\"https:\\\/\\\/nacherfix.com\\\/wp-content\\\/uploads\\\/2025\\\/05\\\/logo-nacherfix.svg\",\"width\":1000,\"height\":163,\"caption\":\"N\u00e1cherFix\"},\"image\":{\"@id\":\"https:\\\/\\\/nacherfix.com\\\/#\\\/schema\\\/logo\\\/image\\\/\"}}]}<\/script>\n<!-- \/ Yoast SEO plugin. -->","yoast_head_json":{"title":"Politique de confidentialit\u00e9 - N\u00e1cherFix","robots":{"index":"index","follow":"follow","max-snippet":"max-snippet:-1","max-image-preview":"max-image-preview:large","max-video-preview":"max-video-preview:-1"},"canonical":"https:\/\/nacherfix.com\/politica-privacidad\/","og_locale":"fr_FR","og_type":"article","og_title":"Politique de confidentialit\u00e9 - N\u00e1cherFix","og_description":"Politique de confidentialit\u00e9 Nous vous remercions de votre visite sur le site www.nacherfix.com (ci-apr\u00e8s, le \u00ab site Web \u00bb), exploit\u00e9 par NACHERFIX, S.L.U., dont le si\u00e8ge social est situ\u00e9 \u00e0 P.I. El Romeral, C\/ Agullent, 16 46860 Albaida (Valencia), Espagne (ci-apr\u00e8s, \u00ab nous \u00bb ou \u00ab notre soci\u00e9t\u00e9 \u00bb). La vie priv\u00e9e de nos utilisateurs [&hellip;]","og_url":"https:\/\/nacherfix.com\/politica-privacidad\/","og_site_name":"N\u00e1cherFix","article_modified_time":"2025-05-22T15:18:03+00:00","twitter_card":"summary_large_image","twitter_misc":{"Dur\u00e9e de lecture estim\u00e9e":"3 minutes"},"schema":{"@context":"https:\/\/schema.org","@graph":[{"@type":"WebPage","@id":"https:\/\/nacherfix.com\/politica-privacidad\/","url":"https:\/\/nacherfix.com\/politica-privacidad\/","name":"Politique de confidentialit\u00e9 - N\u00e1cherFix","isPartOf":{"@id":"https:\/\/nacherfix.com\/#website"},"datePublished":"2025-04-05T04:34:14+00:00","dateModified":"2025-05-22T15:18:03+00:00","breadcrumb":{"@id":"https:\/\/nacherfix.com\/politica-privacidad\/#breadcrumb"},"inLanguage":"fr-FR","potentialAction":[{"@type":"ReadAction","target":["https:\/\/nacherfix.com\/politica-privacidad\/"]}]},{"@type":"BreadcrumbList","@id":"https:\/\/nacherfix.com\/politica-privacidad\/#breadcrumb","itemListElement":[{"@type":"ListItem","position":1,"name":"Portada","item":"https:\/\/nacherfix.com\/fr\/"},{"@type":"ListItem","position":2,"name":"Politique de confidentialit\u00e9"}]},{"@type":"WebSite","@id":"https:\/\/nacherfix.com\/#website","url":"https:\/\/nacherfix.com\/","name":"N\u00e1cherFix","description":"Tu nuevo sistema de fijaci\u00f3n para env\u00edos de productos, adem\u00e1s, 100% sostenible.","publisher":{"@id":"https:\/\/nacherfix.com\/#organization"},"potentialAction":[{"@type":"SearchAction","target":{"@type":"EntryPoint","urlTemplate":"https:\/\/nacherfix.com\/?s={search_term_string}"},"query-input":{"@type":"PropertyValueSpecification","valueRequired":true,"valueName":"search_term_string"}}],"inLanguage":"fr-FR"},{"@type":"Organization","@id":"https:\/\/nacherfix.com\/#organization","name":"N\u00e1cherFix","url":"https:\/\/nacherfix.com\/","logo":{"@type":"ImageObject","inLanguage":"fr-FR","@id":"https:\/\/nacherfix.com\/#\/schema\/logo\/image\/","url":"https:\/\/nacherfix.com\/wp-content\/uploads\/2025\/05\/logo-nacherfix.svg","contentUrl":"https:\/\/nacherfix.com\/wp-content\/uploads\/2025\/05\/logo-nacherfix.svg","width":1000,"height":163,"caption":"N\u00e1cherFix"},"image":{"@id":"https:\/\/nacherfix.com\/#\/schema\/logo\/image\/"}}]}},"_links":{"self":[{"href":"https:\/\/nacherfix.com\/fr\/wp-json\/wp\/v2\/pages\/967","targetHints":{"allow":["GET"]}}],"collection":[{"href":"https:\/\/nacherfix.com\/fr\/wp-json\/wp\/v2\/pages"}],"about":[{"href":"https:\/\/nacherfix.com\/fr\/wp-json\/wp\/v2\/types\/page"}],"author":[{"embeddable":true,"href":"https:\/\/nacherfix.com\/fr\/wp-json\/wp\/v2\/users\/12"}],"replies":[{"embeddable":true,"href":"https:\/\/nacherfix.com\/fr\/wp-json\/wp\/v2\/comments?post=967"}],"version-history":[{"count":1,"href":"https:\/\/nacherfix.com\/fr\/wp-json\/wp\/v2\/pages\/967\/revisions"}],"predecessor-version":[{"id":968,"href":"https:\/\/nacherfix.com\/fr\/wp-json\/wp\/v2\/pages\/967\/revisions\/968"}],"wp:attachment":[{"href":"https:\/\/nacherfix.com\/fr\/wp-json\/wp\/v2\/media?parent=967"}],"curies":[{"name":"wp","href":"https:\/\/api.w.org\/{rel}","templated":true}]}}