{"id":972,"date":"2025-05-13T08:01:11","date_gmt":"2025-05-13T06:01:11","guid":{"rendered":"https:\/\/nacherfix.com\/contact\/"},"modified":"2025-05-23T07:59:24","modified_gmt":"2025-05-23T05:59:24","slug":"contact","status":"publish","type":"page","link":"https:\/\/nacherfix.com\/fr\/contact\/","title":{"rendered":"Contact"},"content":{"rendered":"\n<div class=\"wp-block-group alignfull has-global-padding is-layout-constrained wp-block-group-is-layout-constrained\" style=\"margin-top:0;margin-bottom:0;padding-top:var(--wp--preset--spacing--50);padding-bottom:var(--wp--preset--spacing--50)\">\n<div class=\"wp-block-group alignwide has-global-padding is-layout-constrained wp-block-group-is-layout-constrained\">\n<h2 class=\"wp-block-heading alignfull has-text-align-left has-xx-large-font-size\"><strong>Contactez nous<\/strong><\/h2>\n\n\n\n<div class=\"wp-block-columns alignwide is-layout-flex wp-container-core-columns-is-layout-28f84493 wp-block-columns-is-layout-flex\">\n<div class=\"wp-block-column is-layout-flow wp-block-column-is-layout-flow\">\n<div class=\"wp-block-group is-layout-flow wp-block-group-is-layout-flow wp-container-1 is-position-sticky\">\n<h3 class=\"wp-block-heading\"><a href=\"tel :%20+34%C2%A0961%20430%20392\"><br\/><strong>T\u00e9l\u00e9phone<\/strong><\/a><\/h3>\n\n\n\n<p>+34 961 430 392<br\/>+34 675 286 192<\/p>\n\n\n\n<h3 class=\"wp-block-heading\"><strong>Courriel<\/strong><\/h3>\n\n\n\n<p>info@nacherfix.com<\/p>\n\n\n\n<h3 class=\"wp-block-heading\"><strong>Adresse<\/strong><\/h3>\n\n\n\n<p>P.I. El Romeral, C\/ Agullent, 16 &#8211; 46860 Albaida (Valencia)<\/p>\n\n\n\n<h3 class=\"wp-block-heading\"><strong>M\u00e9dias sociaux<\/strong><\/h3>\n\n\n<nav class=\"has-medium-font-size  is-vertical wp-block-navigation is-layout-flex wp-container-core-navigation-is-layout-98bb686d wp-block-navigation-is-layout-flex\" aria-label=\"Redes sociales Redes sociales\"><ul class=\"wp-block-navigation__container has-medium-font-size  is-vertical wp-block-navigation has-medium-font-size\" aria-label=\"Redes sociales\"><li class=\"has-medium-font-size wp-block-navigation-item wp-block-navigation-link\"><a class=\"wp-block-navigation-item__content\"  href=\"https:\/\/www.instagram.com\/nacherfix\"><span class=\"wp-block-navigation-item__label\">Instagram<\/span><\/a><\/li><li class=\"has-medium-font-size wp-block-navigation-item wp-block-navigation-link\"><a class=\"wp-block-navigation-item__content\"  href=\"https:\/\/www.linkedin.com\/company\/nacherfix\/posts\/?feedView=all\"><span class=\"wp-block-navigation-item__label\">Linkedin<\/span><\/a><\/li><\/ul><\/nav><\/div>\n<\/div>\n\n\n\n<div class=\"wp-block-column is-layout-flow wp-block-column-is-layout-flow\">\n<div class=\"wp-block-contact-form-7-contact-form-selector\">\n<div class=\"wpcf7 no-js\" id=\"wpcf7-f741-o1\" lang=\"es-ES\" dir=\"ltr\" data-wpcf7-id=\"741\">\n<div class=\"screen-reader-response\"><p role=\"status\" aria-live=\"polite\" aria-atomic=\"true\"><\/p> <ul><\/ul><\/div>\n<form action=\"\/fr\/wp-json\/wp\/v2\/pages\/972#wpcf7-f741-o1\" method=\"post\" class=\"wpcf7-form init\" aria-label=\"Formulario de contacto\" novalidate=\"novalidate\" data-status=\"init\">\n<fieldset class=\"hidden-fields-container\"><input type=\"hidden\" name=\"_wpcf7\" value=\"741\" \/><input type=\"hidden\" name=\"_wpcf7_version\" value=\"6.1\" \/><input type=\"hidden\" name=\"_wpcf7_locale\" value=\"es_ES\" \/><input type=\"hidden\" name=\"_wpcf7_unit_tag\" value=\"wpcf7-f741-o1\" \/><input type=\"hidden\" name=\"_wpcf7_container_post\" value=\"0\" \/><input type=\"hidden\" name=\"_wpcf7_posted_data_hash\" value=\"\" \/>\n<\/fieldset>\n<p><label> Tu nombre<br \/>\n<span class=\"wpcf7-form-control-wrap\" data-name=\"your-name\"><input size=\"40\" maxlength=\"400\" class=\"wpcf7-form-control wpcf7-text wpcf7-validates-as-required\" autocomplete=\"name\" aria-required=\"true\" aria-invalid=\"false\" value=\"\" type=\"text\" name=\"your-name\" \/><\/span> <\/label>\n<\/p>\n<p><label> Tu correo electr\u00f3nico<br \/>\n<span class=\"wpcf7-form-control-wrap\" data-name=\"your-email\"><input size=\"40\" maxlength=\"400\" class=\"wpcf7-form-control wpcf7-email wpcf7-validates-as-required wpcf7-text wpcf7-validates-as-email\" autocomplete=\"email\" aria-required=\"true\" aria-invalid=\"false\" value=\"\" type=\"email\" name=\"your-email\" \/><\/span> <\/label>\n<\/p>\n<p><label> Tu tel\u00e9fono<br \/>\n<span class=\"wpcf7-form-control-wrap\" data-name=\"tel-869\"><input size=\"40\" maxlength=\"400\" class=\"wpcf7-form-control wpcf7-tel wpcf7-validates-as-required wpcf7-text wpcf7-validates-as-tel\" aria-required=\"true\" aria-invalid=\"false\" value=\"\" type=\"tel\" name=\"tel-869\" \/><\/span> <\/label>\n<\/p>\n<p><label> Asunto<br \/>\n<span class=\"wpcf7-form-control-wrap\" data-name=\"your-subject\"><input size=\"40\" maxlength=\"400\" class=\"wpcf7-form-control wpcf7-text wpcf7-validates-as-required\" aria-required=\"true\" aria-invalid=\"false\" value=\"\" type=\"text\" name=\"your-subject\" \/><\/span> <\/label>\n<\/p>\n<p><label> Tu mensaje (opcional)<br \/>\n<span class=\"wpcf7-form-control-wrap\" data-name=\"your-message\"><textarea cols=\"40\" rows=\"10\" maxlength=\"2000\" class=\"wpcf7-form-control wpcf7-textarea\" aria-invalid=\"false\" name=\"your-message\"><\/textarea><\/span> <\/label><br \/>\n<span class=\"wpcf7-form-control-wrap\" data-name=\"acceptance-225\"><span class=\"wpcf7-form-control wpcf7-acceptance optional\"><span class=\"wpcf7-list-item\"><label><input type=\"checkbox\" name=\"acceptance-225\" value=\"1\" aria-invalid=\"false\" \/><span class=\"wpcf7-list-item-label\">He le\u00eddo y acepto la <a id=\"mostrar-politica\" targe=\"_blank\" href=\"\/politica-privacidad\/\"\/<\/a> pol\u00edtica de privacidad<\/span><\/label><\/span><\/span><\/span>\n<\/p>\n<p><input class=\"wpcf7-form-control wpcf7-submit has-spinner\" type=\"submit\" value=\"Enviar\" \/>\n<\/p><div class=\"wpcf7-response-output\" aria-hidden=\"true\"><\/div>\n<\/form>\n<\/div>\n<\/div>\n\n\n\n<iframe src=\"https:\/\/www.google.com\/maps\/embed?pb=!1m18!1m12!1m3!1d6215.330211521447!2d-0.5294609092309374!3d38.84012989886079!2m3!1f0!2f0!3f0!3m2!1i1024!2i768!4f13.1!3m3!1m2!1s0xd619b57e805b59f%3A0x1c2937a416a5d934!2sN%C3%A1cherFix!5e0!3m2!1ses!2sus!4v1747128451491!5m2!1ses!2sus\" width=\"100%\" height=\"450\" style=\"border:0;\" allowfullscreen=\"\" loading=\"lazy\" referrerpolicy=\"no-referrer-when-downgrade\"><\/iframe>\n<\/div>\n<\/div>\n<\/div>\n<\/div>\n","protected":false},"excerpt":{"rendered":"<p>Contactez nous T\u00e9l\u00e9phone +34 961 430 392+34 675 286 192 Courriel info@nacherfix.com Adresse P.I. El Romeral, C\/ Agullent, 16 &#8211; 46860 Albaida (Valencia) M\u00e9dias sociaux<\/p>\n","protected":false},"author":12,"featured_media":0,"parent":0,"menu_order":0,"comment_status":"closed","ping_status":"closed","template":"page-no-title","meta":{"footnotes":""},"class_list":["post-972","page","type-page","status-publish","hentry"],"yoast_head":"<!-- This site is optimized with the Yoast SEO plugin v27.3 - https:\/\/yoast.com\/product\/yoast-seo-wordpress\/ -->\n<title>Contact - N\u00e1cherFix<\/title>\n<meta name=\"robots\" content=\"index, follow, max-snippet:-1, max-image-preview:large, max-video-preview:-1\" \/>\n<link rel=\"canonical\" href=\"https:\/\/nacherfix.com\/contacto\/\" \/>\n<meta property=\"og:locale\" content=\"fr_FR\" \/>\n<meta property=\"og:type\" content=\"article\" \/>\n<meta property=\"og:title\" content=\"Contact - N\u00e1cherFix\" \/>\n<meta property=\"og:description\" content=\"Contactez nous T\u00e9l\u00e9phone +34 961 430 392+34 675 286 192 Courriel info@nacherfix.com Adresse P.I. El Romeral, C\/ Agullent, 16 &#8211; 46860 Albaida (Valencia) M\u00e9dias sociaux\" \/>\n<meta property=\"og:url\" content=\"https:\/\/nacherfix.com\/contacto\/\" \/>\n<meta property=\"og:site_name\" content=\"N\u00e1cherFix\" \/>\n<meta property=\"article:modified_time\" content=\"2025-05-23T05:59:24+00:00\" \/>\n<meta name=\"twitter:card\" content=\"summary_large_image\" \/>\n<script type=\"application\/ld+json\" class=\"yoast-schema-graph\">{\"@context\":\"https:\\\/\\\/schema.org\",\"@graph\":[{\"@type\":\"WebPage\",\"@id\":\"https:\\\/\\\/nacherfix.com\\\/contacto\\\/\",\"url\":\"https:\\\/\\\/nacherfix.com\\\/contacto\\\/\",\"name\":\"Contact - N\u00e1cherFix\",\"isPartOf\":{\"@id\":\"https:\\\/\\\/nacherfix.com\\\/#website\"},\"datePublished\":\"2025-05-13T06:01:11+00:00\",\"dateModified\":\"2025-05-23T05:59:24+00:00\",\"breadcrumb\":{\"@id\":\"https:\\\/\\\/nacherfix.com\\\/contacto\\\/#breadcrumb\"},\"inLanguage\":\"fr-FR\",\"potentialAction\":[{\"@type\":\"ReadAction\",\"target\":[\"https:\\\/\\\/nacherfix.com\\\/contacto\\\/\"]}]},{\"@type\":\"BreadcrumbList\",\"@id\":\"https:\\\/\\\/nacherfix.com\\\/contacto\\\/#breadcrumb\",\"itemListElement\":[{\"@type\":\"ListItem\",\"position\":1,\"name\":\"Portada\",\"item\":\"https:\\\/\\\/nacherfix.com\\\/fr\\\/\"},{\"@type\":\"ListItem\",\"position\":2,\"name\":\"Contact\"}]},{\"@type\":\"WebSite\",\"@id\":\"https:\\\/\\\/nacherfix.com\\\/#website\",\"url\":\"https:\\\/\\\/nacherfix.com\\\/\",\"name\":\"N\u00e1cherFix\",\"description\":\"Tu nuevo sistema de fijaci\u00f3n para env\u00edos de productos, adem\u00e1s, 100% sostenible.\",\"publisher\":{\"@id\":\"https:\\\/\\\/nacherfix.com\\\/#organization\"},\"potentialAction\":[{\"@type\":\"SearchAction\",\"target\":{\"@type\":\"EntryPoint\",\"urlTemplate\":\"https:\\\/\\\/nacherfix.com\\\/?s={search_term_string}\"},\"query-input\":{\"@type\":\"PropertyValueSpecification\",\"valueRequired\":true,\"valueName\":\"search_term_string\"}}],\"inLanguage\":\"fr-FR\"},{\"@type\":\"Organization\",\"@id\":\"https:\\\/\\\/nacherfix.com\\\/#organization\",\"name\":\"N\u00e1cherFix\",\"url\":\"https:\\\/\\\/nacherfix.com\\\/\",\"logo\":{\"@type\":\"ImageObject\",\"inLanguage\":\"fr-FR\",\"@id\":\"https:\\\/\\\/nacherfix.com\\\/#\\\/schema\\\/logo\\\/image\\\/\",\"url\":\"https:\\\/\\\/nacherfix.com\\\/wp-content\\\/uploads\\\/2025\\\/05\\\/logo-nacherfix.svg\",\"contentUrl\":\"https:\\\/\\\/nacherfix.com\\\/wp-content\\\/uploads\\\/2025\\\/05\\\/logo-nacherfix.svg\",\"width\":1000,\"height\":163,\"caption\":\"N\u00e1cherFix\"},\"image\":{\"@id\":\"https:\\\/\\\/nacherfix.com\\\/#\\\/schema\\\/logo\\\/image\\\/\"}}]}<\/script>\n<!-- \/ Yoast SEO plugin. -->","yoast_head_json":{"title":"Contact - N\u00e1cherFix","robots":{"index":"index","follow":"follow","max-snippet":"max-snippet:-1","max-image-preview":"max-image-preview:large","max-video-preview":"max-video-preview:-1"},"canonical":"https:\/\/nacherfix.com\/contacto\/","og_locale":"fr_FR","og_type":"article","og_title":"Contact - N\u00e1cherFix","og_description":"Contactez nous T\u00e9l\u00e9phone +34 961 430 392+34 675 286 192 Courriel info@nacherfix.com Adresse P.I. El Romeral, C\/ Agullent, 16 &#8211; 46860 Albaida (Valencia) M\u00e9dias sociaux","og_url":"https:\/\/nacherfix.com\/contacto\/","og_site_name":"N\u00e1cherFix","article_modified_time":"2025-05-23T05:59:24+00:00","twitter_card":"summary_large_image","schema":{"@context":"https:\/\/schema.org","@graph":[{"@type":"WebPage","@id":"https:\/\/nacherfix.com\/contacto\/","url":"https:\/\/nacherfix.com\/contacto\/","name":"Contact - N\u00e1cherFix","isPartOf":{"@id":"https:\/\/nacherfix.com\/#website"},"datePublished":"2025-05-13T06:01:11+00:00","dateModified":"2025-05-23T05:59:24+00:00","breadcrumb":{"@id":"https:\/\/nacherfix.com\/contacto\/#breadcrumb"},"inLanguage":"fr-FR","potentialAction":[{"@type":"ReadAction","target":["https:\/\/nacherfix.com\/contacto\/"]}]},{"@type":"BreadcrumbList","@id":"https:\/\/nacherfix.com\/contacto\/#breadcrumb","itemListElement":[{"@type":"ListItem","position":1,"name":"Portada","item":"https:\/\/nacherfix.com\/fr\/"},{"@type":"ListItem","position":2,"name":"Contact"}]},{"@type":"WebSite","@id":"https:\/\/nacherfix.com\/#website","url":"https:\/\/nacherfix.com\/","name":"N\u00e1cherFix","description":"Tu nuevo sistema de fijaci\u00f3n para env\u00edos de productos, adem\u00e1s, 100% sostenible.","publisher":{"@id":"https:\/\/nacherfix.com\/#organization"},"potentialAction":[{"@type":"SearchAction","target":{"@type":"EntryPoint","urlTemplate":"https:\/\/nacherfix.com\/?s={search_term_string}"},"query-input":{"@type":"PropertyValueSpecification","valueRequired":true,"valueName":"search_term_string"}}],"inLanguage":"fr-FR"},{"@type":"Organization","@id":"https:\/\/nacherfix.com\/#organization","name":"N\u00e1cherFix","url":"https:\/\/nacherfix.com\/","logo":{"@type":"ImageObject","inLanguage":"fr-FR","@id":"https:\/\/nacherfix.com\/#\/schema\/logo\/image\/","url":"https:\/\/nacherfix.com\/wp-content\/uploads\/2025\/05\/logo-nacherfix.svg","contentUrl":"https:\/\/nacherfix.com\/wp-content\/uploads\/2025\/05\/logo-nacherfix.svg","width":1000,"height":163,"caption":"N\u00e1cherFix"},"image":{"@id":"https:\/\/nacherfix.com\/#\/schema\/logo\/image\/"}}]}},"_links":{"self":[{"href":"https:\/\/nacherfix.com\/fr\/wp-json\/wp\/v2\/pages\/972","targetHints":{"allow":["GET"]}}],"collection":[{"href":"https:\/\/nacherfix.com\/fr\/wp-json\/wp\/v2\/pages"}],"about":[{"href":"https:\/\/nacherfix.com\/fr\/wp-json\/wp\/v2\/types\/page"}],"author":[{"embeddable":true,"href":"https:\/\/nacherfix.com\/fr\/wp-json\/wp\/v2\/users\/12"}],"replies":[{"embeddable":true,"href":"https:\/\/nacherfix.com\/fr\/wp-json\/wp\/v2\/comments?post=972"}],"version-history":[{"count":4,"href":"https:\/\/nacherfix.com\/fr\/wp-json\/wp\/v2\/pages\/972\/revisions"}],"predecessor-version":[{"id":1076,"href":"https:\/\/nacherfix.com\/fr\/wp-json\/wp\/v2\/pages\/972\/revisions\/1076"}],"wp:attachment":[{"href":"https:\/\/nacherfix.com\/fr\/wp-json\/wp\/v2\/media?parent=972"}],"curies":[{"name":"wp","href":"https:\/\/api.w.org\/{rel}","templated":true}]}}