{"id":969,"date":"2025-04-05T06:34:14","date_gmt":"2025-04-05T04:34:14","guid":{"rendered":"https:\/\/nacherfix.com\/informativa-sulla-privacy\/"},"modified":"2025-05-22T17:18:03","modified_gmt":"2025-05-22T15:18:03","slug":"informativa-sulla-privacy","status":"publish","type":"page","link":"https:\/\/nacherfix.com\/it\/informativa-sulla-privacy\/","title":{"rendered":"Informativa sulla privacy"},"content":{"rendered":"\n<div class=\"wp-block-group alignwide is-layout-flow wp-block-group-is-layout-flow\" style=\"margin-top:var(--wp--preset--spacing--40);padding-top:var(--wp--preset--spacing--30);padding-right:var(--wp--preset--spacing--50);padding-bottom:var(--wp--preset--spacing--30);padding-left:var(--wp--preset--spacing--50)\">\n<h1 class=\"wp-block-heading\" style=\"font-style:normal;font-weight:700\">Informativa sulla privacy<\/h1>\n\n\n\n<p>Grazie per aver visitato il sito <a href=\"http:\/\/www.nacherfix.com\/\">www.nacherfix.com<\/a> (d &#8220;ora in poi \u2018Sito\u2019), gestito da NACHERFIX, S.L.U., con sede legale in P.I. El Romeral, C\/ Agullent, 16 46860 Albaida (Valencia), Spagna (d&#8221; ora in poi &#8220;Noi&#8221;, &#8220;Ci&#8221; o &#8220;La nostra azienda&#8221;). La privacy dei nostri utenti \u00e8 di estrema importanza per noi e ci impegniamo a proteggere e salvaguardare i dati personali che ci fornisci durante la tua visita al Sito. <\/p>\n\n\n\n<p>La presente Informativa sulla privacy illustra le modalit\u00e0 di raccolta, utilizzo, divulgazione e protezione dei dati personali degli utenti del Sito web. Accedendo e utilizzando il nostro Sito web, accetti le pratiche descritte in questa informativa. <\/p>\n\n\n\n<p><strong>Informazioni che raccogliamo<\/strong><\/p>\n\n\n\n<ol class=\"wp-block-list\">\n<li><strong>Informazioni fornite dall \u201cutente:<\/strong> durante l\u201d interazione con il Sito, potremmo chiedere all \u201cutente alcune informazioni personali, come il nome, l\u201d indirizzo e-mail, l \u201cindirizzo di spedizione, il numero di telefono, le informazioni di pagamento e qualsiasi altra informazione necessaria per elaborare gli ordini o rispondere alle richieste dell\u201d utente.<\/li>\n\n\n\n<li><strong>Informazioni raccolte automaticamente:<\/strong> Quando visiti il nostro Sito, possiamo raccogliere automaticamente alcune informazioni sul tuo dispositivo e sulla tua attivit\u00e0 online, come l&#8217;indirizzo IP, il tipo di browser, la posizione geografica approssimativa e le pagine che hai visitato.<\/li>\n<\/ol>\n\n\n\n<p><strong>Utilizzo delle informazioni<\/strong><\/p>\n\n\n\n<ol class=\"wp-block-list\">\n<li><strong>Uso delle informazioni personali:<\/strong> Le informazioni raccolte saranno utilizzate per i seguenti scopi:a) Elaborare ed evadere i tuoi ordini per i clienti e altri prodotti.b) Rispondere alle tue domande e richieste.c) Inviarti comunicazioni riguardanti lo stato dei tuoi ordini o le modifiche ai nostri servizi.d) Migliorare i nostri prodotti e servizi.e) Adempiere ai nostri obblighi legali e risolvere le controversie.<\/li>\n\n\n\n<li><strong>Sicurezza dei dati:<\/strong> implementiamo misure di sicurezza ragionevoli per proteggere le informazioni personali che raccogliamo. Tuttavia, a causa della natura di Internet, non possiamo garantire la sicurezza assoluta dei tuoi dati. <\/li>\n<\/ol>\n\n\n\n<p><strong>I tuoi diritti<\/strong><\/p>\n\n\n\n<p>Hai il diritto di accedere, correggere o cancellare i tuoi dati personali in qualsiasi momento. Se desideri esercitare uno di questi diritti, contattaci all&#8217;indirizzo <a>info@nacherfix.com.<\/a> <\/p>\n\n\n\n<p><strong>Modifiche all&#8217;informativa sulla privacy<\/strong><\/p>\n\n\n\n<p>Ci riserviamo il diritto di modificare la presente Informativa sulla privacy in qualsiasi momento. Eventuali modifiche saranno pubblicate su questa pagina e la data di aggiornamento sar\u00e0 riportata all&#8217;inizio del documento. <\/p>\n\n\n\n<p>Ti invitiamo a rivedere periodicamente la presente Informativa sulla privacy per essere sempre informato su come proteggiamo i dati personali dei nostri utenti.<\/p>\n\n\n\n<p>Grazie per esserti affidato a N\u00e1cherFix per le tue esigenze di fermi per l&#8217;imballaggio interno delle spedizioni di pacchi.<\/p>\n\n\n\n<p><strong>NACHERFIX, S.L.U.<\/strong><\/p>\n\n\n\n<p>El Romeral, C\/ Agullent, 16 46860 Albaida (Valencia), Spagna<\/p>\n\n\n\n<p><a>info@nacherfix.com<\/a><\/p>\n\n\n\n<p>+34 681 93 23 64<\/p>\n<\/div>\n","protected":false},"excerpt":{"rendered":"<p>Informativa sulla privacy Grazie per aver visitato il sito www.nacherfix.com (d &#8220;ora in poi \u2018Sito\u2019), gestito da NACHERFIX, S.L.U., con sede legale in P.I. El Romeral, C\/ Agullent, 16 46860 Albaida (Valencia), Spagna (d&#8221; ora in poi &#8220;Noi&#8221;, &#8220;Ci&#8221; o &#8220;La nostra azienda&#8221;). La privacy dei nostri utenti \u00e8 di estrema importanza per noi e [&hellip;]<\/p>\n","protected":false},"author":12,"featured_media":0,"parent":0,"menu_order":0,"comment_status":"closed","ping_status":"open","template":"page-no-title","meta":{"footnotes":""},"class_list":["post-969","page","type-page","status-publish","hentry"],"yoast_head":"<!-- This site is optimized with the Yoast SEO plugin v27.3 - https:\/\/yoast.com\/product\/yoast-seo-wordpress\/ -->\n<title>Informativa sulla privacy - N\u00e1cherFix<\/title>\n<meta name=\"robots\" content=\"index, follow, max-snippet:-1, max-image-preview:large, max-video-preview:-1\" \/>\n<link rel=\"canonical\" href=\"https:\/\/nacherfix.com\/politica-privacidad\/\" \/>\n<meta property=\"og:locale\" content=\"it_IT\" \/>\n<meta property=\"og:type\" content=\"article\" \/>\n<meta property=\"og:title\" content=\"Informativa sulla privacy - N\u00e1cherFix\" \/>\n<meta property=\"og:description\" content=\"Informativa sulla privacy Grazie per aver visitato il sito www.nacherfix.com (d &#8220;ora in poi \u2018Sito\u2019), gestito da NACHERFIX, S.L.U., con sede legale in P.I. El Romeral, C\/ Agullent, 16 46860 Albaida (Valencia), Spagna (d&#8221; ora in poi &#8220;Noi&#8221;, &#8220;Ci&#8221; o &#8220;La nostra azienda&#8221;). La privacy dei nostri utenti \u00e8 di estrema importanza per noi e [&hellip;]\" \/>\n<meta property=\"og:url\" content=\"https:\/\/nacherfix.com\/politica-privacidad\/\" \/>\n<meta property=\"og:site_name\" content=\"N\u00e1cherFix\" \/>\n<meta property=\"article:modified_time\" content=\"2025-05-22T15:18:03+00:00\" \/>\n<meta name=\"twitter:card\" content=\"summary_large_image\" \/>\n<meta name=\"twitter:label1\" content=\"Tempo di lettura stimato\" \/>\n\t<meta name=\"twitter:data1\" content=\"2 minuti\" \/>\n<script type=\"application\/ld+json\" class=\"yoast-schema-graph\">{\"@context\":\"https:\\\/\\\/schema.org\",\"@graph\":[{\"@type\":\"WebPage\",\"@id\":\"https:\\\/\\\/nacherfix.com\\\/politica-privacidad\\\/\",\"url\":\"https:\\\/\\\/nacherfix.com\\\/politica-privacidad\\\/\",\"name\":\"Informativa sulla privacy - N\u00e1cherFix\",\"isPartOf\":{\"@id\":\"https:\\\/\\\/nacherfix.com\\\/#website\"},\"datePublished\":\"2025-04-05T04:34:14+00:00\",\"dateModified\":\"2025-05-22T15:18:03+00:00\",\"breadcrumb\":{\"@id\":\"https:\\\/\\\/nacherfix.com\\\/politica-privacidad\\\/#breadcrumb\"},\"inLanguage\":\"it-IT\",\"potentialAction\":[{\"@type\":\"ReadAction\",\"target\":[\"https:\\\/\\\/nacherfix.com\\\/politica-privacidad\\\/\"]}]},{\"@type\":\"BreadcrumbList\",\"@id\":\"https:\\\/\\\/nacherfix.com\\\/politica-privacidad\\\/#breadcrumb\",\"itemListElement\":[{\"@type\":\"ListItem\",\"position\":1,\"name\":\"Portada\",\"item\":\"https:\\\/\\\/nacherfix.com\\\/\"},{\"@type\":\"ListItem\",\"position\":2,\"name\":\"Informativa sulla privacy\"}]},{\"@type\":\"WebSite\",\"@id\":\"https:\\\/\\\/nacherfix.com\\\/#website\",\"url\":\"https:\\\/\\\/nacherfix.com\\\/\",\"name\":\"N\u00e1cherFix\",\"description\":\"Tu nuevo sistema de fijaci\u00f3n para env\u00edos de productos, adem\u00e1s, 100% sostenible.\",\"publisher\":{\"@id\":\"https:\\\/\\\/nacherfix.com\\\/#organization\"},\"potentialAction\":[{\"@type\":\"SearchAction\",\"target\":{\"@type\":\"EntryPoint\",\"urlTemplate\":\"https:\\\/\\\/nacherfix.com\\\/?s={search_term_string}\"},\"query-input\":{\"@type\":\"PropertyValueSpecification\",\"valueRequired\":true,\"valueName\":\"search_term_string\"}}],\"inLanguage\":\"it-IT\"},{\"@type\":\"Organization\",\"@id\":\"https:\\\/\\\/nacherfix.com\\\/#organization\",\"name\":\"N\u00e1cherFix\",\"url\":\"https:\\\/\\\/nacherfix.com\\\/\",\"logo\":{\"@type\":\"ImageObject\",\"inLanguage\":\"it-IT\",\"@id\":\"https:\\\/\\\/nacherfix.com\\\/#\\\/schema\\\/logo\\\/image\\\/\",\"url\":\"https:\\\/\\\/nacherfix.com\\\/wp-content\\\/uploads\\\/2025\\\/05\\\/logo-nacherfix.svg\",\"contentUrl\":\"https:\\\/\\\/nacherfix.com\\\/wp-content\\\/uploads\\\/2025\\\/05\\\/logo-nacherfix.svg\",\"width\":1000,\"height\":163,\"caption\":\"N\u00e1cherFix\"},\"image\":{\"@id\":\"https:\\\/\\\/nacherfix.com\\\/#\\\/schema\\\/logo\\\/image\\\/\"}}]}<\/script>\n<!-- \/ Yoast SEO plugin. -->","yoast_head_json":{"title":"Informativa sulla privacy - N\u00e1cherFix","robots":{"index":"index","follow":"follow","max-snippet":"max-snippet:-1","max-image-preview":"max-image-preview:large","max-video-preview":"max-video-preview:-1"},"canonical":"https:\/\/nacherfix.com\/politica-privacidad\/","og_locale":"it_IT","og_type":"article","og_title":"Informativa sulla privacy - N\u00e1cherFix","og_description":"Informativa sulla privacy Grazie per aver visitato il sito www.nacherfix.com (d &#8220;ora in poi \u2018Sito\u2019), gestito da NACHERFIX, S.L.U., con sede legale in P.I. El Romeral, C\/ Agullent, 16 46860 Albaida (Valencia), Spagna (d&#8221; ora in poi &#8220;Noi&#8221;, &#8220;Ci&#8221; o &#8220;La nostra azienda&#8221;). La privacy dei nostri utenti \u00e8 di estrema importanza per noi e [&hellip;]","og_url":"https:\/\/nacherfix.com\/politica-privacidad\/","og_site_name":"N\u00e1cherFix","article_modified_time":"2025-05-22T15:18:03+00:00","twitter_card":"summary_large_image","twitter_misc":{"Tempo di lettura stimato":"2 minuti"},"schema":{"@context":"https:\/\/schema.org","@graph":[{"@type":"WebPage","@id":"https:\/\/nacherfix.com\/politica-privacidad\/","url":"https:\/\/nacherfix.com\/politica-privacidad\/","name":"Informativa sulla privacy - N\u00e1cherFix","isPartOf":{"@id":"https:\/\/nacherfix.com\/#website"},"datePublished":"2025-04-05T04:34:14+00:00","dateModified":"2025-05-22T15:18:03+00:00","breadcrumb":{"@id":"https:\/\/nacherfix.com\/politica-privacidad\/#breadcrumb"},"inLanguage":"it-IT","potentialAction":[{"@type":"ReadAction","target":["https:\/\/nacherfix.com\/politica-privacidad\/"]}]},{"@type":"BreadcrumbList","@id":"https:\/\/nacherfix.com\/politica-privacidad\/#breadcrumb","itemListElement":[{"@type":"ListItem","position":1,"name":"Portada","item":"https:\/\/nacherfix.com\/"},{"@type":"ListItem","position":2,"name":"Informativa sulla privacy"}]},{"@type":"WebSite","@id":"https:\/\/nacherfix.com\/#website","url":"https:\/\/nacherfix.com\/","name":"N\u00e1cherFix","description":"Tu nuevo sistema de fijaci\u00f3n para env\u00edos de productos, adem\u00e1s, 100% sostenible.","publisher":{"@id":"https:\/\/nacherfix.com\/#organization"},"potentialAction":[{"@type":"SearchAction","target":{"@type":"EntryPoint","urlTemplate":"https:\/\/nacherfix.com\/?s={search_term_string}"},"query-input":{"@type":"PropertyValueSpecification","valueRequired":true,"valueName":"search_term_string"}}],"inLanguage":"it-IT"},{"@type":"Organization","@id":"https:\/\/nacherfix.com\/#organization","name":"N\u00e1cherFix","url":"https:\/\/nacherfix.com\/","logo":{"@type":"ImageObject","inLanguage":"it-IT","@id":"https:\/\/nacherfix.com\/#\/schema\/logo\/image\/","url":"https:\/\/nacherfix.com\/wp-content\/uploads\/2025\/05\/logo-nacherfix.svg","contentUrl":"https:\/\/nacherfix.com\/wp-content\/uploads\/2025\/05\/logo-nacherfix.svg","width":1000,"height":163,"caption":"N\u00e1cherFix"},"image":{"@id":"https:\/\/nacherfix.com\/#\/schema\/logo\/image\/"}}]}},"_links":{"self":[{"href":"https:\/\/nacherfix.com\/it\/wp-json\/wp\/v2\/pages\/969","targetHints":{"allow":["GET"]}}],"collection":[{"href":"https:\/\/nacherfix.com\/it\/wp-json\/wp\/v2\/pages"}],"about":[{"href":"https:\/\/nacherfix.com\/it\/wp-json\/wp\/v2\/types\/page"}],"author":[{"embeddable":true,"href":"https:\/\/nacherfix.com\/it\/wp-json\/wp\/v2\/users\/12"}],"replies":[{"embeddable":true,"href":"https:\/\/nacherfix.com\/it\/wp-json\/wp\/v2\/comments?post=969"}],"version-history":[{"count":1,"href":"https:\/\/nacherfix.com\/it\/wp-json\/wp\/v2\/pages\/969\/revisions"}],"predecessor-version":[{"id":970,"href":"https:\/\/nacherfix.com\/it\/wp-json\/wp\/v2\/pages\/969\/revisions\/970"}],"wp:attachment":[{"href":"https:\/\/nacherfix.com\/it\/wp-json\/wp\/v2\/media?parent=969"}],"curies":[{"name":"wp","href":"https:\/\/api.w.org\/{rel}","templated":true}]}}