{"id":1132,"date":"2025-06-09T09:35:47","date_gmt":"2025-06-09T07:35:47","guid":{"rendered":"https:\/\/nacherfix.com\/?post_type=product&#038;p=1132"},"modified":"2026-04-09T19:27:05","modified_gmt":"2026-04-09T17:27:05","slug":"prueba-nacherfix-10-muestras-gratis-pagando-solo-el-envio","status":"publish","type":"product","link":"https:\/\/nacherfix.com\/it\/producto\/prueba-nacherfix-10-muestras-gratis-pagando-solo-el-envio\/","title":{"rendered":"Prueba N\u00e1cherFix: 10 muestras gratis pagando solo el env\u00edo"},"content":{"rendered":"<p data-start=\"289\" data-end=\"538\">Descubrre por ti mismo\/a las ventajas de este sistema de fijaci\u00f3n ecol\u00f3gico y eficiente. Solo tendr\u00e1s que abonar los gastos de env\u00edo.<\/p>\n<p data-start=\"540\" data-end=\"718\"><strong data-start=\"540\" data-end=\"579\">\u00bfQu\u00e9 incluye esta muestra gratuita?<\/strong><br \/>\nRecibir\u00e1s un pack con 10 unidades de Nacherfix, fabricadas en cart\u00f3n reciclable y listas para que puedas testearlas en tus propios env\u00edos.<\/p>\n<p data-start=\"720\" data-end=\"746\"><strong data-start=\"720\" data-end=\"746\">Ventajas de N\u00e1cherfix:<\/strong><\/p>\n<ul data-start=\"747\" data-end=\"1079\">\n<li data-start=\"747\" data-end=\"827\">\n<p data-start=\"749\" data-end=\"827\">Protege tus productos durante el transporte sin papel de relleno ni pl\u00e1sticos.<\/p>\n<\/li>\n<li data-start=\"828\" data-end=\"894\">\n<p data-start=\"830\" data-end=\"894\">Inmoviliza el contenido en la caja y reduce movimientos y da\u00f1os.<\/p>\n<\/li>\n<li data-start=\"895\" data-end=\"937\">\n<p data-start=\"897\" data-end=\"937\">Ahorra hasta un 90% de papel de relleno.<\/p>\n<\/li>\n<li data-start=\"938\" data-end=\"985\">\n<p data-start=\"940\" data-end=\"985\">Optimiza el tiempo de preparaci\u00f3n de pedidos.<\/p>\n<\/li>\n<li data-start=\"986\" data-end=\"1079\">\n<p data-start=\"988\" data-end=\"1079\">Reduce el volumen de residuos y mejora la imagen de tu marca con un embalaje m\u00e1s ecol\u00f3gico.<\/p>\n<\/li>\n<\/ul>\n<p data-start=\"1081\" data-end=\"1319\"><strong data-start=\"1081\" data-end=\"1115\">Caracter\u00edsticas de la muestra:<\/strong><br \/>\n\u2705 Pack de 10 unidades<br data-start=\"1137\" data-end=\"1140\" \/>\u2705 Fabricado en cart\u00f3n reciclable<br data-start=\"1172\" data-end=\"1175\" \/>\u2705 Compatible con la mayor\u00eda de cajas est\u00e1ndar<br data-start=\"1220\" data-end=\"1223\" \/>\u2705 Ligero, econ\u00f3mico y f\u00e1cil de usar<br data-start=\"1258\" data-end=\"1261\" \/>\u2705 Ideal para ecommerce, log\u00edstica y packaging industrial<\/p>\n<p data-start=\"1321\" data-end=\"1479\">Solicita ahora tu pack de 10 muestras y descubre por qu\u00e9 Nacherfix es la alternativa sostenible para el embalaje de tus productos.<br data-start=\"1451\" data-end=\"1454\" \/><strong data-start=\"1454\" data-end=\"1479\">\u00a1Solo pagas el env\u00edo!<\/strong><\/p>\n","protected":false},"excerpt":{"rendered":"<h3><b>Precio: 0\u20ac y paga \u00fanicamente el env\u00edo.<\/b><\/h3>\n<p><strong>\u00bfQuieres comprobar c\u00f3mo funciona Nacherfix antes de hacer tu pedido? Ahora puedes recibir 10 muestras gratuitas.<\/strong><\/p>\n<p data-start=\"540\" data-end=\"718\">\n","protected":false},"featured_media":928,"comment_status":"open","ping_status":"closed","template":"","meta":[],"product_brand":[],"product_cat":[15],"product_tag":[],"class_list":{"0":"post-1132","1":"product","2":"type-product","3":"status-publish","4":"has-post-thumbnail","6":"product_cat-fijadores-nacherfix","8":"first","9":"instock","10":"sale","11":"sold-individually","12":"taxable","13":"shipping-taxable","14":"purchasable","15":"product-type-simple"},"yoast_head":"<!-- This site is optimized with the Yoast SEO plugin v27.3 - https:\/\/yoast.com\/product\/yoast-seo-wordpress\/ -->\n<title>Packaging sostenible para ecommerce | Protege y reduce impacto<\/title>\n<meta name=\"description\" content=\"Packaging sostenible que protege tus productos y reduce el impacto ambiental. Optimiza tus env\u00edos y mejora la imagen de tu ecommerce.\" \/>\n<meta name=\"robots\" content=\"index, follow, max-snippet:-1, max-image-preview:large, max-video-preview:-1\" \/>\n<link rel=\"canonical\" href=\"https:\/\/nacherfix.com\/producto\/prueba-nacherfix-10-muestras-gratis-pagando-solo-el-envio\/\" \/>\n<meta property=\"og:locale\" content=\"it_IT\" \/>\n<meta property=\"og:type\" content=\"article\" \/>\n<meta property=\"og:title\" content=\"Packaging sostenible para ecommerce | Protege y reduce impacto\" \/>\n<meta property=\"og:description\" content=\"Packaging sostenible que protege tus productos y reduce el impacto ambiental. Optimiza tus env\u00edos y mejora la imagen de tu ecommerce.\" \/>\n<meta property=\"og:url\" content=\"https:\/\/nacherfix.com\/producto\/prueba-nacherfix-10-muestras-gratis-pagando-solo-el-envio\/\" \/>\n<meta property=\"og:site_name\" content=\"N\u00e1cherFix\" \/>\n<meta property=\"article:modified_time\" content=\"2026-04-09T17:27:05+00:00\" \/>\n<meta property=\"og:image\" content=\"https:\/\/nacherfix.com\/wp-content\/uploads\/2025\/04\/DSC_0662_opt.jpg\" \/>\n\t<meta property=\"og:image:width\" content=\"2048\" \/>\n\t<meta property=\"og:image:height\" content=\"1149\" \/>\n\t<meta property=\"og:image:type\" content=\"image\/jpeg\" \/>\n<meta name=\"twitter:card\" content=\"summary_large_image\" \/>\n<meta name=\"twitter:label1\" content=\"Tempo di lettura stimato\" \/>\n\t<meta name=\"twitter:data1\" content=\"1 minuto\" \/>\n<script type=\"application\/ld+json\" class=\"yoast-schema-graph\">{\"@context\":\"https:\\\/\\\/schema.org\",\"@graph\":[{\"@type\":\"WebPage\",\"@id\":\"https:\\\/\\\/nacherfix.com\\\/producto\\\/prueba-nacherfix-10-muestras-gratis-pagando-solo-el-envio\\\/\",\"url\":\"https:\\\/\\\/nacherfix.com\\\/producto\\\/prueba-nacherfix-10-muestras-gratis-pagando-solo-el-envio\\\/\",\"name\":\"Packaging sostenible para ecommerce | Protege y reduce impacto\",\"isPartOf\":{\"@id\":\"https:\\\/\\\/nacherfix.com\\\/#website\"},\"primaryImageOfPage\":{\"@id\":\"https:\\\/\\\/nacherfix.com\\\/producto\\\/prueba-nacherfix-10-muestras-gratis-pagando-solo-el-envio\\\/#primaryimage\"},\"image\":{\"@id\":\"https:\\\/\\\/nacherfix.com\\\/producto\\\/prueba-nacherfix-10-muestras-gratis-pagando-solo-el-envio\\\/#primaryimage\"},\"thumbnailUrl\":\"https:\\\/\\\/nacherfix.com\\\/wp-content\\\/uploads\\\/2025\\\/04\\\/DSC_0662_opt.jpg\",\"datePublished\":\"2025-06-09T07:35:47+00:00\",\"dateModified\":\"2026-04-09T17:27:05+00:00\",\"description\":\"Packaging sostenible que protege tus productos y reduce el impacto ambiental. Optimiza tus env\u00edos y mejora la imagen de tu ecommerce.\",\"breadcrumb\":{\"@id\":\"https:\\\/\\\/nacherfix.com\\\/producto\\\/prueba-nacherfix-10-muestras-gratis-pagando-solo-el-envio\\\/#breadcrumb\"},\"inLanguage\":\"it-IT\",\"potentialAction\":[{\"@type\":\"ReadAction\",\"target\":[\"https:\\\/\\\/nacherfix.com\\\/producto\\\/prueba-nacherfix-10-muestras-gratis-pagando-solo-el-envio\\\/\"]}]},{\"@type\":\"ImageObject\",\"inLanguage\":\"it-IT\",\"@id\":\"https:\\\/\\\/nacherfix.com\\\/producto\\\/prueba-nacherfix-10-muestras-gratis-pagando-solo-el-envio\\\/#primaryimage\",\"url\":\"https:\\\/\\\/nacherfix.com\\\/wp-content\\\/uploads\\\/2025\\\/04\\\/DSC_0662_opt.jpg\",\"contentUrl\":\"https:\\\/\\\/nacherfix.com\\\/wp-content\\\/uploads\\\/2025\\\/04\\\/DSC_0662_opt.jpg\",\"width\":2048,\"height\":1149},{\"@type\":\"BreadcrumbList\",\"@id\":\"https:\\\/\\\/nacherfix.com\\\/producto\\\/prueba-nacherfix-10-muestras-gratis-pagando-solo-el-envio\\\/#breadcrumb\",\"itemListElement\":[{\"@type\":\"ListItem\",\"position\":1,\"name\":\"Portada\",\"item\":\"https:\\\/\\\/nacherfix.com\\\/\"},{\"@type\":\"ListItem\",\"position\":2,\"name\":\"Negozio\",\"item\":\"https:\\\/\\\/nacherfix.com\\\/tienda\\\/\"},{\"@type\":\"ListItem\",\"position\":3,\"name\":\"Prueba N\u00e1cherFix: 10 muestras gratis pagando solo el env\u00edo\"}]},{\"@type\":\"WebSite\",\"@id\":\"https:\\\/\\\/nacherfix.com\\\/#website\",\"url\":\"https:\\\/\\\/nacherfix.com\\\/\",\"name\":\"N\u00e1cherFix\",\"description\":\"Tu nuevo sistema de fijaci\u00f3n para env\u00edos de productos, adem\u00e1s, 100% sostenible.\",\"publisher\":{\"@id\":\"https:\\\/\\\/nacherfix.com\\\/#organization\"},\"potentialAction\":[{\"@type\":\"SearchAction\",\"target\":{\"@type\":\"EntryPoint\",\"urlTemplate\":\"https:\\\/\\\/nacherfix.com\\\/?s={search_term_string}\"},\"query-input\":{\"@type\":\"PropertyValueSpecification\",\"valueRequired\":true,\"valueName\":\"search_term_string\"}}],\"inLanguage\":\"it-IT\"},{\"@type\":\"Organization\",\"@id\":\"https:\\\/\\\/nacherfix.com\\\/#organization\",\"name\":\"N\u00e1cherFix\",\"url\":\"https:\\\/\\\/nacherfix.com\\\/\",\"logo\":{\"@type\":\"ImageObject\",\"inLanguage\":\"it-IT\",\"@id\":\"https:\\\/\\\/nacherfix.com\\\/#\\\/schema\\\/logo\\\/image\\\/\",\"url\":\"https:\\\/\\\/nacherfix.com\\\/wp-content\\\/uploads\\\/2025\\\/05\\\/logo-nacherfix.svg\",\"contentUrl\":\"https:\\\/\\\/nacherfix.com\\\/wp-content\\\/uploads\\\/2025\\\/05\\\/logo-nacherfix.svg\",\"width\":1000,\"height\":163,\"caption\":\"N\u00e1cherFix\"},\"image\":{\"@id\":\"https:\\\/\\\/nacherfix.com\\\/#\\\/schema\\\/logo\\\/image\\\/\"}}]}<\/script>\n<!-- \/ Yoast SEO plugin. -->","yoast_head_json":{"title":"Packaging sostenible para ecommerce | Protege y reduce impacto","description":"Packaging sostenible que protege tus productos y reduce el impacto ambiental. Optimiza tus env\u00edos y mejora la imagen de tu ecommerce.","robots":{"index":"index","follow":"follow","max-snippet":"max-snippet:-1","max-image-preview":"max-image-preview:large","max-video-preview":"max-video-preview:-1"},"canonical":"https:\/\/nacherfix.com\/producto\/prueba-nacherfix-10-muestras-gratis-pagando-solo-el-envio\/","og_locale":"it_IT","og_type":"article","og_title":"Packaging sostenible para ecommerce | Protege y reduce impacto","og_description":"Packaging sostenible que protege tus productos y reduce el impacto ambiental. Optimiza tus env\u00edos y mejora la imagen de tu ecommerce.","og_url":"https:\/\/nacherfix.com\/producto\/prueba-nacherfix-10-muestras-gratis-pagando-solo-el-envio\/","og_site_name":"N\u00e1cherFix","article_modified_time":"2026-04-09T17:27:05+00:00","og_image":[{"width":2048,"height":1149,"url":"https:\/\/nacherfix.com\/wp-content\/uploads\/2025\/04\/DSC_0662_opt.jpg","type":"image\/jpeg"}],"twitter_card":"summary_large_image","twitter_misc":{"Tempo di lettura stimato":"1 minuto"},"schema":{"@context":"https:\/\/schema.org","@graph":[{"@type":"WebPage","@id":"https:\/\/nacherfix.com\/producto\/prueba-nacherfix-10-muestras-gratis-pagando-solo-el-envio\/","url":"https:\/\/nacherfix.com\/producto\/prueba-nacherfix-10-muestras-gratis-pagando-solo-el-envio\/","name":"Packaging sostenible para ecommerce | Protege y reduce impacto","isPartOf":{"@id":"https:\/\/nacherfix.com\/#website"},"primaryImageOfPage":{"@id":"https:\/\/nacherfix.com\/producto\/prueba-nacherfix-10-muestras-gratis-pagando-solo-el-envio\/#primaryimage"},"image":{"@id":"https:\/\/nacherfix.com\/producto\/prueba-nacherfix-10-muestras-gratis-pagando-solo-el-envio\/#primaryimage"},"thumbnailUrl":"https:\/\/nacherfix.com\/wp-content\/uploads\/2025\/04\/DSC_0662_opt.jpg","datePublished":"2025-06-09T07:35:47+00:00","dateModified":"2026-04-09T17:27:05+00:00","description":"Packaging sostenible que protege tus productos y reduce el impacto ambiental. Optimiza tus env\u00edos y mejora la imagen de tu ecommerce.","breadcrumb":{"@id":"https:\/\/nacherfix.com\/producto\/prueba-nacherfix-10-muestras-gratis-pagando-solo-el-envio\/#breadcrumb"},"inLanguage":"it-IT","potentialAction":[{"@type":"ReadAction","target":["https:\/\/nacherfix.com\/producto\/prueba-nacherfix-10-muestras-gratis-pagando-solo-el-envio\/"]}]},{"@type":"ImageObject","inLanguage":"it-IT","@id":"https:\/\/nacherfix.com\/producto\/prueba-nacherfix-10-muestras-gratis-pagando-solo-el-envio\/#primaryimage","url":"https:\/\/nacherfix.com\/wp-content\/uploads\/2025\/04\/DSC_0662_opt.jpg","contentUrl":"https:\/\/nacherfix.com\/wp-content\/uploads\/2025\/04\/DSC_0662_opt.jpg","width":2048,"height":1149},{"@type":"BreadcrumbList","@id":"https:\/\/nacherfix.com\/producto\/prueba-nacherfix-10-muestras-gratis-pagando-solo-el-envio\/#breadcrumb","itemListElement":[{"@type":"ListItem","position":1,"name":"Portada","item":"https:\/\/nacherfix.com\/"},{"@type":"ListItem","position":2,"name":"Negozio","item":"https:\/\/nacherfix.com\/tienda\/"},{"@type":"ListItem","position":3,"name":"Prueba N\u00e1cherFix: 10 muestras gratis pagando solo el env\u00edo"}]},{"@type":"WebSite","@id":"https:\/\/nacherfix.com\/#website","url":"https:\/\/nacherfix.com\/","name":"N\u00e1cherFix","description":"Tu nuevo sistema de fijaci\u00f3n para env\u00edos de productos, adem\u00e1s, 100% sostenible.","publisher":{"@id":"https:\/\/nacherfix.com\/#organization"},"potentialAction":[{"@type":"SearchAction","target":{"@type":"EntryPoint","urlTemplate":"https:\/\/nacherfix.com\/?s={search_term_string}"},"query-input":{"@type":"PropertyValueSpecification","valueRequired":true,"valueName":"search_term_string"}}],"inLanguage":"it-IT"},{"@type":"Organization","@id":"https:\/\/nacherfix.com\/#organization","name":"N\u00e1cherFix","url":"https:\/\/nacherfix.com\/","logo":{"@type":"ImageObject","inLanguage":"it-IT","@id":"https:\/\/nacherfix.com\/#\/schema\/logo\/image\/","url":"https:\/\/nacherfix.com\/wp-content\/uploads\/2025\/05\/logo-nacherfix.svg","contentUrl":"https:\/\/nacherfix.com\/wp-content\/uploads\/2025\/05\/logo-nacherfix.svg","width":1000,"height":163,"caption":"N\u00e1cherFix"},"image":{"@id":"https:\/\/nacherfix.com\/#\/schema\/logo\/image\/"}}]}},"_links":{"self":[{"href":"https:\/\/nacherfix.com\/it\/wp-json\/wp\/v2\/product\/1132","targetHints":{"allow":["GET"]}}],"collection":[{"href":"https:\/\/nacherfix.com\/it\/wp-json\/wp\/v2\/product"}],"about":[{"href":"https:\/\/nacherfix.com\/it\/wp-json\/wp\/v2\/types\/product"}],"replies":[{"embeddable":true,"href":"https:\/\/nacherfix.com\/it\/wp-json\/wp\/v2\/comments?post=1132"}],"wp:featuredmedia":[{"embeddable":true,"href":"https:\/\/nacherfix.com\/it\/wp-json\/wp\/v2\/media\/928"}],"wp:attachment":[{"href":"https:\/\/nacherfix.com\/it\/wp-json\/wp\/v2\/media?parent=1132"}],"wp:term":[{"taxonomy":"product_brand","embeddable":true,"href":"https:\/\/nacherfix.com\/it\/wp-json\/wp\/v2\/product_brand?post=1132"},{"taxonomy":"product_cat","embeddable":true,"href":"https:\/\/nacherfix.com\/it\/wp-json\/wp\/v2\/product_cat?post=1132"},{"taxonomy":"product_tag","embeddable":true,"href":"https:\/\/nacherfix.com\/it\/wp-json\/wp\/v2\/product_tag?post=1132"}],"curies":[{"name":"wp","href":"https:\/\/api.w.org\/{rel}","templated":true}]}}